{"id":1824,"date":"2023-12-28T16:34:05","date_gmt":"2023-12-28T16:34:05","guid":{"rendered":"https:\/\/prod3007.online\/course\/jan-13-3pm-to-9pm\/"},"modified":"2026-04-08T18:49:08","modified_gmt":"2026-04-08T18:49:08","slug":"mai-16-3pm-to-9pm","status":"publish","type":"product","link":"https:\/\/hzmconsulting.ca\/fr\/cours\/mai-16-3pm-to-9pm\/","title":{"rendered":"16 &amp; 17 Mai"},"content":{"rendered":"<h2 id=\"ep-00c6eb5\" class=\"elementor-heading-title elementor-size-default elementor-inline-editing\" data-elementor-setting-key=\"title\"><strong><span style=\"color: #283f60; font-family: 'Teko'; font-size: 48px;\">\u00c0 propos de ce<\/span> <span style=\"color: #f7bd43; font-family: 'Teko'; font-size: 48px;\">cours<\/span><\/strong><\/h2>\n<p>De nombreuses organisations adoptent Agile avec succ\u00e8s au niveau de leurs \u00e9quipes, mais se heurtent \u00e0 un obstacle lorsqu&rsquo;elles tentent de l&rsquo;\u00e9tendre \u00e0 l&rsquo;ensemble des services et des unit\u00e9s op\u00e9rationnelles. Les dirigeants sont confront\u00e9s \u00e0 des priorit\u00e9s mal align\u00e9es, \u00e0 des \u00e9quipes d\u00e9connect\u00e9es et \u00e0 la pression d&rsquo;une acc\u00e9l\u00e9ration des livraisons sur un march\u00e9 concurrentiel. Leading SAFe\u00ae est con\u00e7u pour relever ce d\u00e9fi en offrant aux dirigeants, managers et agents du changement l&rsquo;\u00e9tat d&rsquo;esprit et les outils n\u00e9cessaires pour d\u00e9ployer l&rsquo;agilit\u00e9 en toute confiance. Vous apprendrez \u00e0 piloter la planification des processus d&rsquo;ex\u00e9cution, \u00e0 coordonner plusieurs trains de mise en production Agile et \u00e0 aligner la strat\u00e9gie sur des r\u00e9sultats mesurables. Ce cours vous ouvre les portes de la transformation Lean-Agile et de la transformation de l&rsquo;agilit\u00e9 de l&rsquo;entreprise en r\u00e9sultats op\u00e9rationnels concrets.<\/p>\n<p>&nbsp;<\/p>\n<h3>Est-ce pour toi ?<\/h3>\n<ul>\n<li>Dirigeants, managers et cadres responsables des r\u00e9sultats op\u00e9rationnels<\/li>\n<li>Agents du changement et consultants accompagnant la transformation organisationnelle<\/li>\n<li>Professionnels souhaitant comprendre le fonctionnement de la m\u00e9thode Agile au niveau de l&rsquo;entreprise<\/li>\n<\/ul>\n<p>&nbsp;<\/p>\n<h3>Ce que vous apprendrez<\/h3>\n<ul>\n<li>Comment appliquer les principes SAFe\u00ae aux d\u00e9cisions strat\u00e9giques et op\u00e9rationnelles<\/li>\n<li>Comment g\u00e9rer et faciliter efficacement la planification des projets<\/li>\n<li>Comment coordonner les trains de production agiles et am\u00e9liorer le flux de valeur<\/li>\n<li>Comment aligner les portefeuilles sur les objectifs m\u00e9tier gr\u00e2ce \u00e0 la gestion de portefeuille Lean<\/li>\n<\/ul>\n","protected":false},"excerpt":{"rendered":"<p>\u00c0 propos de ce cours De nombreuses organisations adoptent Agile avec succ\u00e8s au niveau de leurs \u00e9quipes, mais se heurtent \u00e0 un obstacle lorsqu&rsquo;elles tentent de l&rsquo;\u00e9tendre \u00e0 l&rsquo;ensemble des services et des unit\u00e9s op\u00e9rationnelles. Les dirigeants sont confront\u00e9s \u00e0 des priorit\u00e9s mal align\u00e9es, \u00e0 des \u00e9quipes d\u00e9connect\u00e9es et \u00e0 la pression d&rsquo;une acc\u00e9l\u00e9ration des [&hellip;]<\/p>\n","protected":false},"featured_media":3012,"comment_status":"open","ping_status":"closed","template":"","meta":{"_acf_changed":false,"_monsterinsights_skip_tracking":false,"_monsterinsights_sitenote_active":false,"_monsterinsights_sitenote_note":"","_monsterinsights_sitenote_category":0},"product_brand":[],"product_cat":[69],"product_tag":[],"class_list":{"0":"post-1824","1":"product","2":"type-product","3":"status-publish","4":"has-post-thumbnail","6":"product_cat-leading-safe-fr","8":"first","9":"instock","10":"virtual","11":"sold-individually","12":"purchasable","13":"product-type-simple"},"acf":[],"yoast_head":"<!-- This site is optimized with the Yoast SEO plugin v27.5 - https:\/\/yoast.com\/product\/yoast-seo-wordpress\/ -->\n<title>16 &amp; 17 Mai - HZM Consulting<\/title>\n<meta name=\"robots\" content=\"index, follow, max-snippet:-1, max-image-preview:large, max-video-preview:-1\" \/>\n<link rel=\"canonical\" href=\"https:\/\/hzmconsulting.ca\/fr\/cours\/mai-16-3pm-to-9pm\/\" \/>\n<meta property=\"og:locale\" content=\"fr_FR\" \/>\n<meta property=\"og:type\" content=\"article\" \/>\n<meta property=\"og:title\" content=\"16 &amp; 17 Mai - HZM Consulting\" \/>\n<meta property=\"og:description\" content=\"\u00c0 propos de ce cours De nombreuses organisations adoptent Agile avec succ\u00e8s au niveau de leurs \u00e9quipes, mais se heurtent \u00e0 un obstacle lorsqu&rsquo;elles tentent de l&rsquo;\u00e9tendre \u00e0 l&rsquo;ensemble des services et des unit\u00e9s op\u00e9rationnelles. Les dirigeants sont confront\u00e9s \u00e0 des priorit\u00e9s mal align\u00e9es, \u00e0 des \u00e9quipes d\u00e9connect\u00e9es et \u00e0 la pression d&rsquo;une acc\u00e9l\u00e9ration des [&hellip;]\" \/>\n<meta property=\"og:url\" content=\"https:\/\/hzmconsulting.ca\/fr\/cours\/mai-16-3pm-to-9pm\/\" \/>\n<meta property=\"og:site_name\" content=\"HZM Consulting\" \/>\n<meta property=\"article:publisher\" content=\"https:\/\/www.facebook.com\/hzmconsulting\" \/>\n<meta property=\"article:modified_time\" content=\"2026-04-08T18:49:08+00:00\" \/>\n<meta property=\"og:image\" content=\"https:\/\/hzmconsulting.ca\/wp-content\/uploads\/2024\/01\/SA.png\" \/>\n\t<meta property=\"og:image:width\" content=\"500\" \/>\n\t<meta property=\"og:image:height\" content=\"500\" \/>\n\t<meta property=\"og:image:type\" content=\"image\/png\" \/>\n<meta name=\"twitter:card\" content=\"summary_large_image\" \/>\n<meta name=\"twitter:label1\" content=\"Dur\u00e9e de lecture estim\u00e9e\" \/>\n\t<meta name=\"twitter:data1\" content=\"2 minutes\" \/>\n<script type=\"application\/ld+json\" class=\"yoast-schema-graph\">{\"@context\":\"https:\\\/\\\/schema.org\",\"@graph\":[{\"@type\":\"WebPage\",\"@id\":\"https:\\\/\\\/hzmconsulting.ca\\\/fr\\\/cours\\\/mai-16-3pm-to-9pm\\\/\",\"url\":\"https:\\\/\\\/hzmconsulting.ca\\\/fr\\\/cours\\\/mai-16-3pm-to-9pm\\\/\",\"name\":\"16 &amp; 17 Mai - HZM Consulting\",\"isPartOf\":{\"@id\":\"https:\\\/\\\/hzmconsulting.ca\\\/fr\\\/#website\"},\"primaryImageOfPage\":{\"@id\":\"https:\\\/\\\/hzmconsulting.ca\\\/fr\\\/cours\\\/mai-16-3pm-to-9pm\\\/#primaryimage\"},\"image\":{\"@id\":\"https:\\\/\\\/hzmconsulting.ca\\\/fr\\\/cours\\\/mai-16-3pm-to-9pm\\\/#primaryimage\"},\"thumbnailUrl\":\"https:\\\/\\\/hzmconsulting.ca\\\/wp-content\\\/uploads\\\/2024\\\/01\\\/SA.png\",\"datePublished\":\"2023-12-28T16:34:05+00:00\",\"dateModified\":\"2026-04-08T18:49:08+00:00\",\"breadcrumb\":{\"@id\":\"https:\\\/\\\/hzmconsulting.ca\\\/fr\\\/cours\\\/mai-16-3pm-to-9pm\\\/#breadcrumb\"},\"inLanguage\":\"fr-FR\",\"potentialAction\":[{\"@type\":\"ReadAction\",\"target\":[\"https:\\\/\\\/hzmconsulting.ca\\\/fr\\\/cours\\\/mai-16-3pm-to-9pm\\\/\"]}]},{\"@type\":\"ImageObject\",\"inLanguage\":\"fr-FR\",\"@id\":\"https:\\\/\\\/hzmconsulting.ca\\\/fr\\\/cours\\\/mai-16-3pm-to-9pm\\\/#primaryimage\",\"url\":\"https:\\\/\\\/hzmconsulting.ca\\\/wp-content\\\/uploads\\\/2024\\\/01\\\/SA.png\",\"contentUrl\":\"https:\\\/\\\/hzmconsulting.ca\\\/wp-content\\\/uploads\\\/2024\\\/01\\\/SA.png\",\"width\":500,\"height\":500,\"caption\":\"Agilist Certification Program\"},{\"@type\":\"BreadcrumbList\",\"@id\":\"https:\\\/\\\/hzmconsulting.ca\\\/fr\\\/cours\\\/mai-16-3pm-to-9pm\\\/#breadcrumb\",\"itemListElement\":[{\"@type\":\"ListItem\",\"position\":1,\"name\":\"Maison\",\"item\":\"https:\\\/\\\/hzmconsulting.ca\\\/fr\\\/\"},{\"@type\":\"ListItem\",\"position\":2,\"name\":\"Courses\",\"item\":\"https:\\\/\\\/hzmconsulting.ca\\\/courses\\\/\"},{\"@type\":\"ListItem\",\"position\":3,\"name\":\"16 &amp; 17 Mai\"}]},{\"@type\":\"WebSite\",\"@id\":\"https:\\\/\\\/hzmconsulting.ca\\\/fr\\\/#website\",\"url\":\"https:\\\/\\\/hzmconsulting.ca\\\/fr\\\/\",\"name\":\"HZM Consulting\",\"description\":\"\",\"publisher\":{\"@id\":\"https:\\\/\\\/hzmconsulting.ca\\\/fr\\\/#organization\"},\"potentialAction\":[{\"@type\":\"SearchAction\",\"target\":{\"@type\":\"EntryPoint\",\"urlTemplate\":\"https:\\\/\\\/hzmconsulting.ca\\\/fr\\\/?s={search_term_string}\"},\"query-input\":{\"@type\":\"PropertyValueSpecification\",\"valueRequired\":true,\"valueName\":\"search_term_string\"}}],\"inLanguage\":\"fr-FR\"},{\"@type\":\"Organization\",\"@id\":\"https:\\\/\\\/hzmconsulting.ca\\\/fr\\\/#organization\",\"name\":\"HZM Consulting\",\"url\":\"https:\\\/\\\/hzmconsulting.ca\\\/fr\\\/\",\"logo\":{\"@type\":\"ImageObject\",\"inLanguage\":\"fr-FR\",\"@id\":\"https:\\\/\\\/hzmconsulting.ca\\\/fr\\\/#\\\/schema\\\/logo\\\/image\\\/\",\"url\":\"https:\\\/\\\/hzmconsulting.ca\\\/wp-content\\\/uploads\\\/2024\\\/01\\\/avatar-hzm-socialmedia2-1.png\",\"contentUrl\":\"https:\\\/\\\/hzmconsulting.ca\\\/wp-content\\\/uploads\\\/2024\\\/01\\\/avatar-hzm-socialmedia2-1.png\",\"width\":1000,\"height\":750,\"caption\":\"HZM Consulting\"},\"image\":{\"@id\":\"https:\\\/\\\/hzmconsulting.ca\\\/fr\\\/#\\\/schema\\\/logo\\\/image\\\/\"},\"sameAs\":[\"https:\\\/\\\/www.facebook.com\\\/hzmconsulting\",\"https:\\\/\\\/www.linkedin.com\\\/company\\\/hzm-consulting\\\/\",\"https:\\\/\\\/www.instagram.com\\\/hzmconsulting\\\/\"]}]}<\/script>\n<!-- \/ Yoast SEO plugin. -->","yoast_head_json":{"title":"16 &amp; 17 Mai - HZM Consulting","robots":{"index":"index","follow":"follow","max-snippet":"max-snippet:-1","max-image-preview":"max-image-preview:large","max-video-preview":"max-video-preview:-1"},"canonical":"https:\/\/hzmconsulting.ca\/fr\/cours\/mai-16-3pm-to-9pm\/","og_locale":"fr_FR","og_type":"article","og_title":"16 &amp; 17 Mai - HZM Consulting","og_description":"\u00c0 propos de ce cours De nombreuses organisations adoptent Agile avec succ\u00e8s au niveau de leurs \u00e9quipes, mais se heurtent \u00e0 un obstacle lorsqu&rsquo;elles tentent de l&rsquo;\u00e9tendre \u00e0 l&rsquo;ensemble des services et des unit\u00e9s op\u00e9rationnelles. Les dirigeants sont confront\u00e9s \u00e0 des priorit\u00e9s mal align\u00e9es, \u00e0 des \u00e9quipes d\u00e9connect\u00e9es et \u00e0 la pression d&rsquo;une acc\u00e9l\u00e9ration des [&hellip;]","og_url":"https:\/\/hzmconsulting.ca\/fr\/cours\/mai-16-3pm-to-9pm\/","og_site_name":"HZM Consulting","article_publisher":"https:\/\/www.facebook.com\/hzmconsulting","article_modified_time":"2026-04-08T18:49:08+00:00","og_image":[{"width":500,"height":500,"url":"https:\/\/hzmconsulting.ca\/wp-content\/uploads\/2024\/01\/SA.png","type":"image\/png"}],"twitter_card":"summary_large_image","twitter_misc":{"Dur\u00e9e de lecture estim\u00e9e":"2 minutes"},"schema":{"@context":"https:\/\/schema.org","@graph":[{"@type":"WebPage","@id":"https:\/\/hzmconsulting.ca\/fr\/cours\/mai-16-3pm-to-9pm\/","url":"https:\/\/hzmconsulting.ca\/fr\/cours\/mai-16-3pm-to-9pm\/","name":"16 &amp; 17 Mai - HZM Consulting","isPartOf":{"@id":"https:\/\/hzmconsulting.ca\/fr\/#website"},"primaryImageOfPage":{"@id":"https:\/\/hzmconsulting.ca\/fr\/cours\/mai-16-3pm-to-9pm\/#primaryimage"},"image":{"@id":"https:\/\/hzmconsulting.ca\/fr\/cours\/mai-16-3pm-to-9pm\/#primaryimage"},"thumbnailUrl":"https:\/\/hzmconsulting.ca\/wp-content\/uploads\/2024\/01\/SA.png","datePublished":"2023-12-28T16:34:05+00:00","dateModified":"2026-04-08T18:49:08+00:00","breadcrumb":{"@id":"https:\/\/hzmconsulting.ca\/fr\/cours\/mai-16-3pm-to-9pm\/#breadcrumb"},"inLanguage":"fr-FR","potentialAction":[{"@type":"ReadAction","target":["https:\/\/hzmconsulting.ca\/fr\/cours\/mai-16-3pm-to-9pm\/"]}]},{"@type":"ImageObject","inLanguage":"fr-FR","@id":"https:\/\/hzmconsulting.ca\/fr\/cours\/mai-16-3pm-to-9pm\/#primaryimage","url":"https:\/\/hzmconsulting.ca\/wp-content\/uploads\/2024\/01\/SA.png","contentUrl":"https:\/\/hzmconsulting.ca\/wp-content\/uploads\/2024\/01\/SA.png","width":500,"height":500,"caption":"Agilist Certification Program"},{"@type":"BreadcrumbList","@id":"https:\/\/hzmconsulting.ca\/fr\/cours\/mai-16-3pm-to-9pm\/#breadcrumb","itemListElement":[{"@type":"ListItem","position":1,"name":"Maison","item":"https:\/\/hzmconsulting.ca\/fr\/"},{"@type":"ListItem","position":2,"name":"Courses","item":"https:\/\/hzmconsulting.ca\/courses\/"},{"@type":"ListItem","position":3,"name":"16 &amp; 17 Mai"}]},{"@type":"WebSite","@id":"https:\/\/hzmconsulting.ca\/fr\/#website","url":"https:\/\/hzmconsulting.ca\/fr\/","name":"HZM Consulting","description":"","publisher":{"@id":"https:\/\/hzmconsulting.ca\/fr\/#organization"},"potentialAction":[{"@type":"SearchAction","target":{"@type":"EntryPoint","urlTemplate":"https:\/\/hzmconsulting.ca\/fr\/?s={search_term_string}"},"query-input":{"@type":"PropertyValueSpecification","valueRequired":true,"valueName":"search_term_string"}}],"inLanguage":"fr-FR"},{"@type":"Organization","@id":"https:\/\/hzmconsulting.ca\/fr\/#organization","name":"HZM Consulting","url":"https:\/\/hzmconsulting.ca\/fr\/","logo":{"@type":"ImageObject","inLanguage":"fr-FR","@id":"https:\/\/hzmconsulting.ca\/fr\/#\/schema\/logo\/image\/","url":"https:\/\/hzmconsulting.ca\/wp-content\/uploads\/2024\/01\/avatar-hzm-socialmedia2-1.png","contentUrl":"https:\/\/hzmconsulting.ca\/wp-content\/uploads\/2024\/01\/avatar-hzm-socialmedia2-1.png","width":1000,"height":750,"caption":"HZM Consulting"},"image":{"@id":"https:\/\/hzmconsulting.ca\/fr\/#\/schema\/logo\/image\/"},"sameAs":["https:\/\/www.facebook.com\/hzmconsulting","https:\/\/www.linkedin.com\/company\/hzm-consulting\/","https:\/\/www.instagram.com\/hzmconsulting\/"]}]}},"_links":{"self":[{"href":"https:\/\/hzmconsulting.ca\/fr\/wp-json\/wp\/v2\/product\/1824","targetHints":{"allow":["GET"]}}],"collection":[{"href":"https:\/\/hzmconsulting.ca\/fr\/wp-json\/wp\/v2\/product"}],"about":[{"href":"https:\/\/hzmconsulting.ca\/fr\/wp-json\/wp\/v2\/types\/product"}],"replies":[{"embeddable":true,"href":"https:\/\/hzmconsulting.ca\/fr\/wp-json\/wp\/v2\/comments?post=1824"}],"wp:featuredmedia":[{"embeddable":true,"href":"https:\/\/hzmconsulting.ca\/fr\/wp-json\/wp\/v2\/media\/3012"}],"wp:attachment":[{"href":"https:\/\/hzmconsulting.ca\/fr\/wp-json\/wp\/v2\/media?parent=1824"}],"wp:term":[{"taxonomy":"product_brand","embeddable":true,"href":"https:\/\/hzmconsulting.ca\/fr\/wp-json\/wp\/v2\/product_brand?post=1824"},{"taxonomy":"product_cat","embeddable":true,"href":"https:\/\/hzmconsulting.ca\/fr\/wp-json\/wp\/v2\/product_cat?post=1824"},{"taxonomy":"product_tag","embeddable":true,"href":"https:\/\/hzmconsulting.ca\/fr\/wp-json\/wp\/v2\/product_tag?post=1824"}],"curies":[{"name":"wp","href":"https:\/\/api.w.org\/{rel}","templated":true}]}}