{"id":1825,"date":"2023-12-28T16:33:26","date_gmt":"2023-12-28T16:33:26","guid":{"rendered":"https:\/\/prod3007.online\/course\/1825\/"},"modified":"2026-04-08T19:23:38","modified_gmt":"2026-04-08T19:23:38","slug":"avril-25-26-2","status":"publish","type":"product","link":"https:\/\/hzmconsulting.ca\/fr\/cours\/avril-25-26-2\/","title":{"rendered":"25 &amp; 26 Avril"},"content":{"rendered":"<h2 id=\"ep-00c6eb5\" class=\"elementor-heading-title elementor-size-default elementor-inline-editing\" data-elementor-setting-key=\"title\"><strong><span style=\"color: #283f60; font-family: 'Teko'; font-size: 48px;\">\u00c0 propos de ce<\/span> <span style=\"color: #f7bd43; font-family: 'Teko'; font-size: 48px;\">cours<\/span><\/strong><\/h2>\n<h3>Prosp\u00e9rer \u00e0 l&rsquo;\u00e8re num\u00e9rique gr\u00e2ce \u00e0 l&rsquo;agilit\u00e9 commerciale avec l&rsquo;agiliste SAFe\u00ae certifi\u00e9<\/h3>\n<p>Au cours de cette formation de deux jours, les \u00e9tudiants acquerront les connaissances n\u00e9cessaires pour tirer parti du Scaled Agile Framework\u00ae (SAFe\u00ae) et diriger une entreprise Lean-Agile en tant qu&rsquo;agiliste SAFe\u00ae certifi\u00e9 (SA). En s&rsquo;inspirant des principes sous-jacents de Lean, de la pens\u00e9e syst\u00e9mique, du d\u00e9veloppement Agile, du flux de d\u00e9veloppement de produits et de DevOps, les participants seront expos\u00e9s aux cinq comp\u00e9tences n\u00e9cessaires pour devenir une entreprise Lean et apprendront et mettront en pratique les comp\u00e9tences n\u00e9cessaires pour soutenir et ex\u00e9cuter des \u00e9v\u00e9nements de planification incr\u00e9mentale de programme et coordonner plusieurs trains de mise en production Agile (ART).<br \/>\nLa compr\u00e9hension de l&rsquo;\u00e9tat d&rsquo;esprit Lean-Agile, les raisons de son efficacit\u00e9 sur le march\u00e9 actuel, et ce que cela signifie de conduire une transformation Lean-Agile seront les points cl\u00e9s de l&rsquo;apprentissage. Les participants apprendront comment construire et soutenir des \u00e9quipes et des programmes agiles, mettre en place un portefeuille all\u00e9g\u00e9, \u00e9tablir un pipeline de livraison continue et une culture DevOps, et coordonner des solutions de grande envergure. Les \u00e9tudiants d\u00e9velopperont un nouvel ensemble de comp\u00e9tences qui sont mondialement reconnues et demand\u00e9es pour fournir aux entreprises les cl\u00e9s du succ\u00e8s dans un march\u00e9 en transformation en tant qu&rsquo;Agiliste SAFe\u00ae 5 (SA).<\/p>\n","protected":false},"excerpt":{"rendered":"<p>\u00c0 propos de ce cours Prosp\u00e9rer \u00e0 l&rsquo;\u00e8re num\u00e9rique gr\u00e2ce \u00e0 l&rsquo;agilit\u00e9 commerciale avec l&rsquo;agiliste SAFe\u00ae certifi\u00e9 Au cours de cette formation de deux jours, les \u00e9tudiants acquerront les connaissances n\u00e9cessaires pour tirer parti du Scaled Agile Framework\u00ae (SAFe\u00ae) et diriger une entreprise Lean-Agile en tant qu&rsquo;agiliste SAFe\u00ae certifi\u00e9 (SA). En s&rsquo;inspirant des principes sous-jacents [&hellip;]<\/p>\n","protected":false},"featured_media":3008,"comment_status":"open","ping_status":"closed","template":"","meta":{"_acf_changed":false,"_monsterinsights_skip_tracking":false,"_monsterinsights_sitenote_active":false,"_monsterinsights_sitenote_note":"","_monsterinsights_sitenote_category":0},"product_brand":[],"product_cat":[70],"product_tag":[],"class_list":{"0":"post-1825","1":"product","2":"type-product","3":"status-publish","4":"has-post-thumbnail","6":"product_cat-chef-de-produit-safe-product-owner","8":"first","9":"instock","10":"virtual","11":"sold-individually","12":"purchasable","13":"product-type-simple"},"acf":[],"yoast_head":"<!-- This site is optimized with the Yoast SEO plugin v27.4 - https:\/\/yoast.com\/product\/yoast-seo-wordpress\/ -->\n<title>25 &amp; 26 Avril - HZM Consulting<\/title>\n<meta name=\"robots\" content=\"index, follow, max-snippet:-1, max-image-preview:large, max-video-preview:-1\" \/>\n<link rel=\"canonical\" href=\"https:\/\/hzmconsulting.ca\/fr\/cours\/avril-25-26-2\/\" \/>\n<meta property=\"og:locale\" content=\"fr_FR\" \/>\n<meta property=\"og:type\" content=\"article\" \/>\n<meta property=\"og:title\" content=\"25 &amp; 26 Avril - HZM Consulting\" \/>\n<meta property=\"og:description\" content=\"\u00c0 propos de ce cours Prosp\u00e9rer \u00e0 l&rsquo;\u00e8re num\u00e9rique gr\u00e2ce \u00e0 l&rsquo;agilit\u00e9 commerciale avec l&rsquo;agiliste SAFe\u00ae certifi\u00e9 Au cours de cette formation de deux jours, les \u00e9tudiants acquerront les connaissances n\u00e9cessaires pour tirer parti du Scaled Agile Framework\u00ae (SAFe\u00ae) et diriger une entreprise Lean-Agile en tant qu&rsquo;agiliste SAFe\u00ae certifi\u00e9 (SA). En s&rsquo;inspirant des principes sous-jacents [&hellip;]\" \/>\n<meta property=\"og:url\" content=\"https:\/\/hzmconsulting.ca\/fr\/cours\/avril-25-26-2\/\" \/>\n<meta property=\"og:site_name\" content=\"HZM Consulting\" \/>\n<meta property=\"article:publisher\" content=\"https:\/\/www.facebook.com\/hzmconsulting\" \/>\n<meta property=\"article:modified_time\" content=\"2026-04-08T19:23:38+00:00\" \/>\n<meta property=\"og:image\" content=\"https:\/\/hzmconsulting.ca\/wp-content\/uploads\/2024\/01\/POPM.png\" \/>\n\t<meta property=\"og:image:width\" content=\"500\" \/>\n\t<meta property=\"og:image:height\" content=\"500\" \/>\n\t<meta property=\"og:image:type\" content=\"image\/png\" \/>\n<meta name=\"twitter:card\" content=\"summary_large_image\" \/>\n<meta name=\"twitter:label1\" content=\"Dur\u00e9e de lecture estim\u00e9e\" \/>\n\t<meta name=\"twitter:data1\" content=\"2 minutes\" \/>\n<script type=\"application\/ld+json\" class=\"yoast-schema-graph\">{\"@context\":\"https:\\\/\\\/schema.org\",\"@graph\":[{\"@type\":\"WebPage\",\"@id\":\"https:\\\/\\\/hzmconsulting.ca\\\/fr\\\/cours\\\/avril-25-26-2\\\/\",\"url\":\"https:\\\/\\\/hzmconsulting.ca\\\/fr\\\/cours\\\/avril-25-26-2\\\/\",\"name\":\"25 &amp; 26 Avril - HZM Consulting\",\"isPartOf\":{\"@id\":\"https:\\\/\\\/hzmconsulting.ca\\\/fr\\\/#website\"},\"primaryImageOfPage\":{\"@id\":\"https:\\\/\\\/hzmconsulting.ca\\\/fr\\\/cours\\\/avril-25-26-2\\\/#primaryimage\"},\"image\":{\"@id\":\"https:\\\/\\\/hzmconsulting.ca\\\/fr\\\/cours\\\/avril-25-26-2\\\/#primaryimage\"},\"thumbnailUrl\":\"https:\\\/\\\/hzmconsulting.ca\\\/wp-content\\\/uploads\\\/2024\\\/01\\\/POPM.png\",\"datePublished\":\"2023-12-28T16:33:26+00:00\",\"dateModified\":\"2026-04-08T19:23:38+00:00\",\"breadcrumb\":{\"@id\":\"https:\\\/\\\/hzmconsulting.ca\\\/fr\\\/cours\\\/avril-25-26-2\\\/#breadcrumb\"},\"inLanguage\":\"fr-FR\",\"potentialAction\":[{\"@type\":\"ReadAction\",\"target\":[\"https:\\\/\\\/hzmconsulting.ca\\\/fr\\\/cours\\\/avril-25-26-2\\\/\"]}]},{\"@type\":\"ImageObject\",\"inLanguage\":\"fr-FR\",\"@id\":\"https:\\\/\\\/hzmconsulting.ca\\\/fr\\\/cours\\\/avril-25-26-2\\\/#primaryimage\",\"url\":\"https:\\\/\\\/hzmconsulting.ca\\\/wp-content\\\/uploads\\\/2024\\\/01\\\/POPM.png\",\"contentUrl\":\"https:\\\/\\\/hzmconsulting.ca\\\/wp-content\\\/uploads\\\/2024\\\/01\\\/POPM.png\",\"width\":500,\"height\":500,\"caption\":\"Product Owner \\\/ Product Manager Certification Program\"},{\"@type\":\"BreadcrumbList\",\"@id\":\"https:\\\/\\\/hzmconsulting.ca\\\/fr\\\/cours\\\/avril-25-26-2\\\/#breadcrumb\",\"itemListElement\":[{\"@type\":\"ListItem\",\"position\":1,\"name\":\"Maison\",\"item\":\"https:\\\/\\\/hzmconsulting.ca\\\/fr\\\/\"},{\"@type\":\"ListItem\",\"position\":2,\"name\":\"Courses\",\"item\":\"https:\\\/\\\/hzmconsulting.ca\\\/courses\\\/\"},{\"@type\":\"ListItem\",\"position\":3,\"name\":\"25 &amp; 26 Avril\"}]},{\"@type\":\"WebSite\",\"@id\":\"https:\\\/\\\/hzmconsulting.ca\\\/fr\\\/#website\",\"url\":\"https:\\\/\\\/hzmconsulting.ca\\\/fr\\\/\",\"name\":\"HZM Consulting\",\"description\":\"\",\"publisher\":{\"@id\":\"https:\\\/\\\/hzmconsulting.ca\\\/fr\\\/#organization\"},\"potentialAction\":[{\"@type\":\"SearchAction\",\"target\":{\"@type\":\"EntryPoint\",\"urlTemplate\":\"https:\\\/\\\/hzmconsulting.ca\\\/fr\\\/?s={search_term_string}\"},\"query-input\":{\"@type\":\"PropertyValueSpecification\",\"valueRequired\":true,\"valueName\":\"search_term_string\"}}],\"inLanguage\":\"fr-FR\"},{\"@type\":\"Organization\",\"@id\":\"https:\\\/\\\/hzmconsulting.ca\\\/fr\\\/#organization\",\"name\":\"HZM Consulting\",\"url\":\"https:\\\/\\\/hzmconsulting.ca\\\/fr\\\/\",\"logo\":{\"@type\":\"ImageObject\",\"inLanguage\":\"fr-FR\",\"@id\":\"https:\\\/\\\/hzmconsulting.ca\\\/fr\\\/#\\\/schema\\\/logo\\\/image\\\/\",\"url\":\"https:\\\/\\\/hzmconsulting.ca\\\/wp-content\\\/uploads\\\/2024\\\/01\\\/avatar-hzm-socialmedia2-1.png\",\"contentUrl\":\"https:\\\/\\\/hzmconsulting.ca\\\/wp-content\\\/uploads\\\/2024\\\/01\\\/avatar-hzm-socialmedia2-1.png\",\"width\":1000,\"height\":750,\"caption\":\"HZM Consulting\"},\"image\":{\"@id\":\"https:\\\/\\\/hzmconsulting.ca\\\/fr\\\/#\\\/schema\\\/logo\\\/image\\\/\"},\"sameAs\":[\"https:\\\/\\\/www.facebook.com\\\/hzmconsulting\",\"https:\\\/\\\/www.linkedin.com\\\/company\\\/hzm-consulting\\\/\",\"https:\\\/\\\/www.instagram.com\\\/hzmconsulting\\\/\"]}]}<\/script>\n<!-- \/ Yoast SEO plugin. -->","yoast_head_json":{"title":"25 &amp; 26 Avril - HZM Consulting","robots":{"index":"index","follow":"follow","max-snippet":"max-snippet:-1","max-image-preview":"max-image-preview:large","max-video-preview":"max-video-preview:-1"},"canonical":"https:\/\/hzmconsulting.ca\/fr\/cours\/avril-25-26-2\/","og_locale":"fr_FR","og_type":"article","og_title":"25 &amp; 26 Avril - HZM Consulting","og_description":"\u00c0 propos de ce cours Prosp\u00e9rer \u00e0 l&rsquo;\u00e8re num\u00e9rique gr\u00e2ce \u00e0 l&rsquo;agilit\u00e9 commerciale avec l&rsquo;agiliste SAFe\u00ae certifi\u00e9 Au cours de cette formation de deux jours, les \u00e9tudiants acquerront les connaissances n\u00e9cessaires pour tirer parti du Scaled Agile Framework\u00ae (SAFe\u00ae) et diriger une entreprise Lean-Agile en tant qu&rsquo;agiliste SAFe\u00ae certifi\u00e9 (SA). En s&rsquo;inspirant des principes sous-jacents [&hellip;]","og_url":"https:\/\/hzmconsulting.ca\/fr\/cours\/avril-25-26-2\/","og_site_name":"HZM Consulting","article_publisher":"https:\/\/www.facebook.com\/hzmconsulting","article_modified_time":"2026-04-08T19:23:38+00:00","og_image":[{"width":500,"height":500,"url":"https:\/\/hzmconsulting.ca\/wp-content\/uploads\/2024\/01\/POPM.png","type":"image\/png"}],"twitter_card":"summary_large_image","twitter_misc":{"Dur\u00e9e de lecture estim\u00e9e":"2 minutes"},"schema":{"@context":"https:\/\/schema.org","@graph":[{"@type":"WebPage","@id":"https:\/\/hzmconsulting.ca\/fr\/cours\/avril-25-26-2\/","url":"https:\/\/hzmconsulting.ca\/fr\/cours\/avril-25-26-2\/","name":"25 &amp; 26 Avril - HZM Consulting","isPartOf":{"@id":"https:\/\/hzmconsulting.ca\/fr\/#website"},"primaryImageOfPage":{"@id":"https:\/\/hzmconsulting.ca\/fr\/cours\/avril-25-26-2\/#primaryimage"},"image":{"@id":"https:\/\/hzmconsulting.ca\/fr\/cours\/avril-25-26-2\/#primaryimage"},"thumbnailUrl":"https:\/\/hzmconsulting.ca\/wp-content\/uploads\/2024\/01\/POPM.png","datePublished":"2023-12-28T16:33:26+00:00","dateModified":"2026-04-08T19:23:38+00:00","breadcrumb":{"@id":"https:\/\/hzmconsulting.ca\/fr\/cours\/avril-25-26-2\/#breadcrumb"},"inLanguage":"fr-FR","potentialAction":[{"@type":"ReadAction","target":["https:\/\/hzmconsulting.ca\/fr\/cours\/avril-25-26-2\/"]}]},{"@type":"ImageObject","inLanguage":"fr-FR","@id":"https:\/\/hzmconsulting.ca\/fr\/cours\/avril-25-26-2\/#primaryimage","url":"https:\/\/hzmconsulting.ca\/wp-content\/uploads\/2024\/01\/POPM.png","contentUrl":"https:\/\/hzmconsulting.ca\/wp-content\/uploads\/2024\/01\/POPM.png","width":500,"height":500,"caption":"Product Owner \/ Product Manager Certification Program"},{"@type":"BreadcrumbList","@id":"https:\/\/hzmconsulting.ca\/fr\/cours\/avril-25-26-2\/#breadcrumb","itemListElement":[{"@type":"ListItem","position":1,"name":"Maison","item":"https:\/\/hzmconsulting.ca\/fr\/"},{"@type":"ListItem","position":2,"name":"Courses","item":"https:\/\/hzmconsulting.ca\/courses\/"},{"@type":"ListItem","position":3,"name":"25 &amp; 26 Avril"}]},{"@type":"WebSite","@id":"https:\/\/hzmconsulting.ca\/fr\/#website","url":"https:\/\/hzmconsulting.ca\/fr\/","name":"HZM Consulting","description":"","publisher":{"@id":"https:\/\/hzmconsulting.ca\/fr\/#organization"},"potentialAction":[{"@type":"SearchAction","target":{"@type":"EntryPoint","urlTemplate":"https:\/\/hzmconsulting.ca\/fr\/?s={search_term_string}"},"query-input":{"@type":"PropertyValueSpecification","valueRequired":true,"valueName":"search_term_string"}}],"inLanguage":"fr-FR"},{"@type":"Organization","@id":"https:\/\/hzmconsulting.ca\/fr\/#organization","name":"HZM Consulting","url":"https:\/\/hzmconsulting.ca\/fr\/","logo":{"@type":"ImageObject","inLanguage":"fr-FR","@id":"https:\/\/hzmconsulting.ca\/fr\/#\/schema\/logo\/image\/","url":"https:\/\/hzmconsulting.ca\/wp-content\/uploads\/2024\/01\/avatar-hzm-socialmedia2-1.png","contentUrl":"https:\/\/hzmconsulting.ca\/wp-content\/uploads\/2024\/01\/avatar-hzm-socialmedia2-1.png","width":1000,"height":750,"caption":"HZM Consulting"},"image":{"@id":"https:\/\/hzmconsulting.ca\/fr\/#\/schema\/logo\/image\/"},"sameAs":["https:\/\/www.facebook.com\/hzmconsulting","https:\/\/www.linkedin.com\/company\/hzm-consulting\/","https:\/\/www.instagram.com\/hzmconsulting\/"]}]}},"_links":{"self":[{"href":"https:\/\/hzmconsulting.ca\/fr\/wp-json\/wp\/v2\/product\/1825","targetHints":{"allow":["GET"]}}],"collection":[{"href":"https:\/\/hzmconsulting.ca\/fr\/wp-json\/wp\/v2\/product"}],"about":[{"href":"https:\/\/hzmconsulting.ca\/fr\/wp-json\/wp\/v2\/types\/product"}],"replies":[{"embeddable":true,"href":"https:\/\/hzmconsulting.ca\/fr\/wp-json\/wp\/v2\/comments?post=1825"}],"wp:featuredmedia":[{"embeddable":true,"href":"https:\/\/hzmconsulting.ca\/fr\/wp-json\/wp\/v2\/media\/3008"}],"wp:attachment":[{"href":"https:\/\/hzmconsulting.ca\/fr\/wp-json\/wp\/v2\/media?parent=1825"}],"wp:term":[{"taxonomy":"product_brand","embeddable":true,"href":"https:\/\/hzmconsulting.ca\/fr\/wp-json\/wp\/v2\/product_brand?post=1825"},{"taxonomy":"product_cat","embeddable":true,"href":"https:\/\/hzmconsulting.ca\/fr\/wp-json\/wp\/v2\/product_cat?post=1825"},{"taxonomy":"product_tag","embeddable":true,"href":"https:\/\/hzmconsulting.ca\/fr\/wp-json\/wp\/v2\/product_tag?post=1825"}],"curies":[{"name":"wp","href":"https:\/\/api.w.org\/{rel}","templated":true}]}}