{"id":2754,"date":"2023-12-28T16:32:26","date_gmt":"2023-12-28T16:32:26","guid":{"rendered":"https:\/\/hzmconsulting.ca\/course\/30-31-mars\/"},"modified":"2026-04-08T19:11:50","modified_gmt":"2026-04-08T19:11:50","slug":"06-07-juin","status":"publish","type":"product","link":"https:\/\/hzmconsulting.ca\/fr\/cours\/06-07-juin\/","title":{"rendered":"06 &amp; 07 Juin"},"content":{"rendered":"<h2 id=\"ep-00c6eb5\" class=\"elementor-heading-title elementor-size-default elementor-inline-editing\" data-elementor-setting-key=\"title\"><strong><span style=\"color: #283f60; font-family: 'Teko'; font-size: 48px;\">\u00c0 propos de ce<\/span> <span style=\"color: #f7bd43; font-family: 'Teko'; font-size: 48px;\">cours<\/span><\/strong><\/h2>\n<p>Les Scrum Masters excellent souvent dans le coaching d&rsquo;une seule \u00e9quipe, mais sont confront\u00e9s \u00e0 de nouveaux d\u00e9fis lorsque les organisations \u00e9tendent Agile \u00e0 des dizaines d&rsquo;\u00e9quipes et de programmes. La coordination se d\u00e9t\u00e9riore, les c\u00e9r\u00e9monies perdent de leur impact et les obstacles s&rsquo;accumulent plus vite qu&rsquo;ils ne peuvent \u00eatre r\u00e9solus. La formation SAFe\u00ae Scrum Master aborde ces difficult\u00e9s en vous pr\u00e9parant \u00e0 animer efficacement \u00e0 grande \u00e9chelle, \u00e0 \u00e9liminer les blocages syst\u00e9miques et \u00e0 favoriser la collaboration entre les \u00e9quipes. Vous apprendrez \u00e0 soutenir les Agile Release Trains, \u00e0 maintenir l&rsquo;alignement des \u00e9quipes sur les objectifs m\u00e9tier et \u00e0 soutenir l&rsquo;am\u00e9lioration continue. Cette formation vous donne les outils de leadership n\u00e9cessaires pour garantir la fluidit\u00e9, la collaboration et les r\u00e9sultats dans les environnements Agile \u00e0 grande \u00e9chelle.<\/p>\n<p>&nbsp;<\/p>\n<h3>Est-ce pour toi ?<\/h3>\n<ul>\n<li>Scrum Masters et praticiens Agile pr\u00eats \u00e0 \u00e9tendre leur impact<\/li>\n<li>Chefs d&rsquo;\u00e9quipe et chefs de projet en transition vers l&rsquo;Agile \u00e0 grande \u00e9chelle<\/li>\n<li>Professionnels souhaitant soutenir les ART et les initiatives Agile \u00e0 grande \u00e9chelle<\/li>\n<\/ul>\n<p>&nbsp;<\/p>\n<h3>Ce que vous apprendrez<\/h3>\n<ul>\n<li>Comment faciliter les c\u00e9r\u00e9monies Agile et favoriser la collaboration en \u00e9quipe<\/li>\n<li>Comment \u00e9liminer les obstacles et am\u00e9liorer le flux de livraison<\/li>\n<li>Comment soutenir les trains de livraison Agile dans des environnements complexes<\/li>\n<li>Comment p\u00e9renniser l&rsquo;am\u00e9lioration continue \u00e0 grande \u00e9chelle<\/li>\n<\/ul>\n","protected":false},"excerpt":{"rendered":"<p>\u00c0 propos de ce cours Les Scrum Masters excellent souvent dans le coaching d&rsquo;une seule \u00e9quipe, mais sont confront\u00e9s \u00e0 de nouveaux d\u00e9fis lorsque les organisations \u00e9tendent Agile \u00e0 des dizaines d&rsquo;\u00e9quipes et de programmes. La coordination se d\u00e9t\u00e9riore, les c\u00e9r\u00e9monies perdent de leur impact et les obstacles s&rsquo;accumulent plus vite qu&rsquo;ils ne peuvent \u00eatre [&hellip;]<\/p>\n","protected":false},"featured_media":3014,"comment_status":"open","ping_status":"closed","template":"","meta":{"_acf_changed":false,"_monsterinsights_skip_tracking":false,"_monsterinsights_sitenote_active":false,"_monsterinsights_sitenote_note":"","_monsterinsights_sitenote_category":0},"product_brand":[],"product_cat":[72],"product_tag":[],"class_list":{"0":"post-2754","1":"product","2":"type-product","3":"status-publish","4":"has-post-thumbnail","6":"product_cat-safe-scrum-master-fr","8":"first","9":"instock","10":"virtual","11":"sold-individually","12":"purchasable","13":"product-type-simple"},"acf":[],"yoast_head":"<!-- This site is optimized with the Yoast SEO plugin v27.5 - https:\/\/yoast.com\/product\/yoast-seo-wordpress\/ -->\n<title>06 &amp; 07 Juin - HZM Consulting<\/title>\n<meta name=\"robots\" content=\"index, follow, max-snippet:-1, max-image-preview:large, max-video-preview:-1\" \/>\n<link rel=\"canonical\" href=\"https:\/\/hzmconsulting.ca\/fr\/cours\/06-07-juin\/\" \/>\n<meta property=\"og:locale\" content=\"fr_FR\" \/>\n<meta property=\"og:type\" content=\"article\" \/>\n<meta property=\"og:title\" content=\"06 &amp; 07 Juin - HZM Consulting\" \/>\n<meta property=\"og:description\" content=\"\u00c0 propos de ce cours Les Scrum Masters excellent souvent dans le coaching d&rsquo;une seule \u00e9quipe, mais sont confront\u00e9s \u00e0 de nouveaux d\u00e9fis lorsque les organisations \u00e9tendent Agile \u00e0 des dizaines d&rsquo;\u00e9quipes et de programmes. La coordination se d\u00e9t\u00e9riore, les c\u00e9r\u00e9monies perdent de leur impact et les obstacles s&rsquo;accumulent plus vite qu&rsquo;ils ne peuvent \u00eatre [&hellip;]\" \/>\n<meta property=\"og:url\" content=\"https:\/\/hzmconsulting.ca\/fr\/cours\/06-07-juin\/\" \/>\n<meta property=\"og:site_name\" content=\"HZM Consulting\" \/>\n<meta property=\"article:publisher\" content=\"https:\/\/www.facebook.com\/hzmconsulting\" \/>\n<meta property=\"article:modified_time\" content=\"2026-04-08T19:11:50+00:00\" \/>\n<meta property=\"og:image\" content=\"https:\/\/hzmconsulting.ca\/wp-content\/uploads\/2024\/01\/SSM.png\" \/>\n\t<meta property=\"og:image:width\" content=\"500\" \/>\n\t<meta property=\"og:image:height\" content=\"500\" \/>\n\t<meta property=\"og:image:type\" content=\"image\/png\" \/>\n<meta name=\"twitter:card\" content=\"summary_large_image\" \/>\n<meta name=\"twitter:label1\" content=\"Dur\u00e9e de lecture estim\u00e9e\" \/>\n\t<meta name=\"twitter:data1\" content=\"2 minutes\" \/>\n<script type=\"application\/ld+json\" class=\"yoast-schema-graph\">{\"@context\":\"https:\\\/\\\/schema.org\",\"@graph\":[{\"@type\":\"WebPage\",\"@id\":\"https:\\\/\\\/hzmconsulting.ca\\\/fr\\\/cours\\\/06-07-juin\\\/\",\"url\":\"https:\\\/\\\/hzmconsulting.ca\\\/fr\\\/cours\\\/06-07-juin\\\/\",\"name\":\"06 &amp; 07 Juin - HZM Consulting\",\"isPartOf\":{\"@id\":\"https:\\\/\\\/hzmconsulting.ca\\\/fr\\\/#website\"},\"primaryImageOfPage\":{\"@id\":\"https:\\\/\\\/hzmconsulting.ca\\\/fr\\\/cours\\\/06-07-juin\\\/#primaryimage\"},\"image\":{\"@id\":\"https:\\\/\\\/hzmconsulting.ca\\\/fr\\\/cours\\\/06-07-juin\\\/#primaryimage\"},\"thumbnailUrl\":\"https:\\\/\\\/hzmconsulting.ca\\\/wp-content\\\/uploads\\\/2024\\\/01\\\/SSM.png\",\"datePublished\":\"2023-12-28T16:32:26+00:00\",\"dateModified\":\"2026-04-08T19:11:50+00:00\",\"breadcrumb\":{\"@id\":\"https:\\\/\\\/hzmconsulting.ca\\\/fr\\\/cours\\\/06-07-juin\\\/#breadcrumb\"},\"inLanguage\":\"fr-FR\",\"potentialAction\":[{\"@type\":\"ReadAction\",\"target\":[\"https:\\\/\\\/hzmconsulting.ca\\\/fr\\\/cours\\\/06-07-juin\\\/\"]}]},{\"@type\":\"ImageObject\",\"inLanguage\":\"fr-FR\",\"@id\":\"https:\\\/\\\/hzmconsulting.ca\\\/fr\\\/cours\\\/06-07-juin\\\/#primaryimage\",\"url\":\"https:\\\/\\\/hzmconsulting.ca\\\/wp-content\\\/uploads\\\/2024\\\/01\\\/SSM.png\",\"contentUrl\":\"https:\\\/\\\/hzmconsulting.ca\\\/wp-content\\\/uploads\\\/2024\\\/01\\\/SSM.png\",\"width\":500,\"height\":500,\"caption\":\"Scrum Master Certification Program\"},{\"@type\":\"BreadcrumbList\",\"@id\":\"https:\\\/\\\/hzmconsulting.ca\\\/fr\\\/cours\\\/06-07-juin\\\/#breadcrumb\",\"itemListElement\":[{\"@type\":\"ListItem\",\"position\":1,\"name\":\"Maison\",\"item\":\"https:\\\/\\\/hzmconsulting.ca\\\/fr\\\/\"},{\"@type\":\"ListItem\",\"position\":2,\"name\":\"Courses\",\"item\":\"https:\\\/\\\/hzmconsulting.ca\\\/courses\\\/\"},{\"@type\":\"ListItem\",\"position\":3,\"name\":\"06 &amp; 07 Juin\"}]},{\"@type\":\"WebSite\",\"@id\":\"https:\\\/\\\/hzmconsulting.ca\\\/fr\\\/#website\",\"url\":\"https:\\\/\\\/hzmconsulting.ca\\\/fr\\\/\",\"name\":\"HZM Consulting\",\"description\":\"\",\"publisher\":{\"@id\":\"https:\\\/\\\/hzmconsulting.ca\\\/fr\\\/#organization\"},\"potentialAction\":[{\"@type\":\"SearchAction\",\"target\":{\"@type\":\"EntryPoint\",\"urlTemplate\":\"https:\\\/\\\/hzmconsulting.ca\\\/fr\\\/?s={search_term_string}\"},\"query-input\":{\"@type\":\"PropertyValueSpecification\",\"valueRequired\":true,\"valueName\":\"search_term_string\"}}],\"inLanguage\":\"fr-FR\"},{\"@type\":\"Organization\",\"@id\":\"https:\\\/\\\/hzmconsulting.ca\\\/fr\\\/#organization\",\"name\":\"HZM Consulting\",\"url\":\"https:\\\/\\\/hzmconsulting.ca\\\/fr\\\/\",\"logo\":{\"@type\":\"ImageObject\",\"inLanguage\":\"fr-FR\",\"@id\":\"https:\\\/\\\/hzmconsulting.ca\\\/fr\\\/#\\\/schema\\\/logo\\\/image\\\/\",\"url\":\"https:\\\/\\\/hzmconsulting.ca\\\/wp-content\\\/uploads\\\/2024\\\/01\\\/avatar-hzm-socialmedia2-1.png\",\"contentUrl\":\"https:\\\/\\\/hzmconsulting.ca\\\/wp-content\\\/uploads\\\/2024\\\/01\\\/avatar-hzm-socialmedia2-1.png\",\"width\":1000,\"height\":750,\"caption\":\"HZM Consulting\"},\"image\":{\"@id\":\"https:\\\/\\\/hzmconsulting.ca\\\/fr\\\/#\\\/schema\\\/logo\\\/image\\\/\"},\"sameAs\":[\"https:\\\/\\\/www.facebook.com\\\/hzmconsulting\",\"https:\\\/\\\/www.linkedin.com\\\/company\\\/hzm-consulting\\\/\",\"https:\\\/\\\/www.instagram.com\\\/hzmconsulting\\\/\"]}]}<\/script>\n<!-- \/ Yoast SEO plugin. -->","yoast_head_json":{"title":"06 &amp; 07 Juin - HZM Consulting","robots":{"index":"index","follow":"follow","max-snippet":"max-snippet:-1","max-image-preview":"max-image-preview:large","max-video-preview":"max-video-preview:-1"},"canonical":"https:\/\/hzmconsulting.ca\/fr\/cours\/06-07-juin\/","og_locale":"fr_FR","og_type":"article","og_title":"06 &amp; 07 Juin - HZM Consulting","og_description":"\u00c0 propos de ce cours Les Scrum Masters excellent souvent dans le coaching d&rsquo;une seule \u00e9quipe, mais sont confront\u00e9s \u00e0 de nouveaux d\u00e9fis lorsque les organisations \u00e9tendent Agile \u00e0 des dizaines d&rsquo;\u00e9quipes et de programmes. La coordination se d\u00e9t\u00e9riore, les c\u00e9r\u00e9monies perdent de leur impact et les obstacles s&rsquo;accumulent plus vite qu&rsquo;ils ne peuvent \u00eatre [&hellip;]","og_url":"https:\/\/hzmconsulting.ca\/fr\/cours\/06-07-juin\/","og_site_name":"HZM Consulting","article_publisher":"https:\/\/www.facebook.com\/hzmconsulting","article_modified_time":"2026-04-08T19:11:50+00:00","og_image":[{"width":500,"height":500,"url":"https:\/\/hzmconsulting.ca\/wp-content\/uploads\/2024\/01\/SSM.png","type":"image\/png"}],"twitter_card":"summary_large_image","twitter_misc":{"Dur\u00e9e de lecture estim\u00e9e":"2 minutes"},"schema":{"@context":"https:\/\/schema.org","@graph":[{"@type":"WebPage","@id":"https:\/\/hzmconsulting.ca\/fr\/cours\/06-07-juin\/","url":"https:\/\/hzmconsulting.ca\/fr\/cours\/06-07-juin\/","name":"06 &amp; 07 Juin - HZM Consulting","isPartOf":{"@id":"https:\/\/hzmconsulting.ca\/fr\/#website"},"primaryImageOfPage":{"@id":"https:\/\/hzmconsulting.ca\/fr\/cours\/06-07-juin\/#primaryimage"},"image":{"@id":"https:\/\/hzmconsulting.ca\/fr\/cours\/06-07-juin\/#primaryimage"},"thumbnailUrl":"https:\/\/hzmconsulting.ca\/wp-content\/uploads\/2024\/01\/SSM.png","datePublished":"2023-12-28T16:32:26+00:00","dateModified":"2026-04-08T19:11:50+00:00","breadcrumb":{"@id":"https:\/\/hzmconsulting.ca\/fr\/cours\/06-07-juin\/#breadcrumb"},"inLanguage":"fr-FR","potentialAction":[{"@type":"ReadAction","target":["https:\/\/hzmconsulting.ca\/fr\/cours\/06-07-juin\/"]}]},{"@type":"ImageObject","inLanguage":"fr-FR","@id":"https:\/\/hzmconsulting.ca\/fr\/cours\/06-07-juin\/#primaryimage","url":"https:\/\/hzmconsulting.ca\/wp-content\/uploads\/2024\/01\/SSM.png","contentUrl":"https:\/\/hzmconsulting.ca\/wp-content\/uploads\/2024\/01\/SSM.png","width":500,"height":500,"caption":"Scrum Master Certification Program"},{"@type":"BreadcrumbList","@id":"https:\/\/hzmconsulting.ca\/fr\/cours\/06-07-juin\/#breadcrumb","itemListElement":[{"@type":"ListItem","position":1,"name":"Maison","item":"https:\/\/hzmconsulting.ca\/fr\/"},{"@type":"ListItem","position":2,"name":"Courses","item":"https:\/\/hzmconsulting.ca\/courses\/"},{"@type":"ListItem","position":3,"name":"06 &amp; 07 Juin"}]},{"@type":"WebSite","@id":"https:\/\/hzmconsulting.ca\/fr\/#website","url":"https:\/\/hzmconsulting.ca\/fr\/","name":"HZM Consulting","description":"","publisher":{"@id":"https:\/\/hzmconsulting.ca\/fr\/#organization"},"potentialAction":[{"@type":"SearchAction","target":{"@type":"EntryPoint","urlTemplate":"https:\/\/hzmconsulting.ca\/fr\/?s={search_term_string}"},"query-input":{"@type":"PropertyValueSpecification","valueRequired":true,"valueName":"search_term_string"}}],"inLanguage":"fr-FR"},{"@type":"Organization","@id":"https:\/\/hzmconsulting.ca\/fr\/#organization","name":"HZM Consulting","url":"https:\/\/hzmconsulting.ca\/fr\/","logo":{"@type":"ImageObject","inLanguage":"fr-FR","@id":"https:\/\/hzmconsulting.ca\/fr\/#\/schema\/logo\/image\/","url":"https:\/\/hzmconsulting.ca\/wp-content\/uploads\/2024\/01\/avatar-hzm-socialmedia2-1.png","contentUrl":"https:\/\/hzmconsulting.ca\/wp-content\/uploads\/2024\/01\/avatar-hzm-socialmedia2-1.png","width":1000,"height":750,"caption":"HZM Consulting"},"image":{"@id":"https:\/\/hzmconsulting.ca\/fr\/#\/schema\/logo\/image\/"},"sameAs":["https:\/\/www.facebook.com\/hzmconsulting","https:\/\/www.linkedin.com\/company\/hzm-consulting\/","https:\/\/www.instagram.com\/hzmconsulting\/"]}]}},"_links":{"self":[{"href":"https:\/\/hzmconsulting.ca\/fr\/wp-json\/wp\/v2\/product\/2754","targetHints":{"allow":["GET"]}}],"collection":[{"href":"https:\/\/hzmconsulting.ca\/fr\/wp-json\/wp\/v2\/product"}],"about":[{"href":"https:\/\/hzmconsulting.ca\/fr\/wp-json\/wp\/v2\/types\/product"}],"replies":[{"embeddable":true,"href":"https:\/\/hzmconsulting.ca\/fr\/wp-json\/wp\/v2\/comments?post=2754"}],"wp:featuredmedia":[{"embeddable":true,"href":"https:\/\/hzmconsulting.ca\/fr\/wp-json\/wp\/v2\/media\/3014"}],"wp:attachment":[{"href":"https:\/\/hzmconsulting.ca\/fr\/wp-json\/wp\/v2\/media?parent=2754"}],"wp:term":[{"taxonomy":"product_brand","embeddable":true,"href":"https:\/\/hzmconsulting.ca\/fr\/wp-json\/wp\/v2\/product_brand?post=2754"},{"taxonomy":"product_cat","embeddable":true,"href":"https:\/\/hzmconsulting.ca\/fr\/wp-json\/wp\/v2\/product_cat?post=2754"},{"taxonomy":"product_tag","embeddable":true,"href":"https:\/\/hzmconsulting.ca\/fr\/wp-json\/wp\/v2\/product_tag?post=2754"}],"curies":[{"name":"wp","href":"https:\/\/api.w.org\/{rel}","templated":true}]}}