{"id":2756,"date":"2023-12-24T20:03:30","date_gmt":"2023-12-24T20:03:30","guid":{"rendered":"https:\/\/hzmconsulting.ca\/course\/mar-23-24\/"},"modified":"2026-04-08T19:22:27","modified_gmt":"2026-04-08T19:22:27","slug":"mai-23-24-2","status":"publish","type":"product","link":"https:\/\/hzmconsulting.ca\/fr\/cours\/mai-23-24-2\/","title":{"rendered":"23 &amp; 24 Mai"},"content":{"rendered":"<h2 id=\"ep-00c6eb5\" class=\"elementor-heading-title elementor-size-default elementor-inline-editing\" data-elementor-setting-key=\"title\"><strong><span style=\"color: #283f60; font-family: 'Teko'; font-size: 48px;\">\u00c0 propos de ce<\/span> <span style=\"color: #f7bd43; font-family: 'Teko'; font-size: 48px;\">cours<\/span><\/strong><\/h2>\n<p>Les Product Owners et Product Managers sont souvent submerg\u00e9s par les demandes, les priorit\u00e9s concurrentes et la pression de livrer rapidement des fonctionnalit\u00e9s, tout en peinant \u00e0 d\u00e9montrer leur impact sur l&rsquo;entreprise. Sans syst\u00e8me clair, les backlogs deviennent chaotiques et les feuilles de route perdent leur direction. La formation SAFe\u00ae POPM offre une m\u00e9thode structur\u00e9e et \u00e9prouv\u00e9e pour g\u00e9rer les produits \u00e0 grande \u00e9chelle, en vous aidant \u00e0 d\u00e9finir votre vision, \u00e0 \u00e9laborer des feuilles de route efficaces et \u00e0 prioriser avec WSJF. Vous vous entra\u00eenerez \u00e0 relier la strat\u00e9gie \u00e0 l&rsquo;ex\u00e9cution gr\u00e2ce aux incr\u00e9ments de programme et \u00e0 vous assurer que les \u00e9quipes se concentrent sur la cr\u00e9ation de valeur. Cette formation vous apporte les comp\u00e9tences et la confiance n\u00e9cessaires pour g\u00e9rer des produits dans des environnements Agile complexes \u00e0 l&rsquo;\u00e9chelle de l&rsquo;entreprise.<\/p>\n<p>&nbsp;<\/p>\n<h3>Est-ce pour toi ?<\/h3>\n<ul>\n<li>Responsables et chefs de produit actuels ou futurs<\/li>\n<li>Analystes d&rsquo;affaires et professionnels en transition vers des r\u00f4les produits<\/li>\n<li>Toute personne charg\u00e9e de maximiser la valeur d\u00e9livr\u00e9e par les \u00e9quipes Agile<\/li>\n<\/ul>\n<p>&nbsp;<\/p>\n<h3>Ce que vous apprendrez<\/h3>\n<ul>\n<li>Comment d\u00e9finir la vision produit et la traduire en feuille de route ?<\/li>\n<li>Comment prioriser les backlogs avec WSJF pour maximiser la valeur m\u00e9tier ?<\/li>\n<li>Comment d\u00e9finir les objectifs PI et les lier aux r\u00e9sultats de l&rsquo;entreprise ?<\/li>\n<li>Comment associer strat\u00e9gie et ex\u00e9cution lors des incr\u00e9ments de programme.<\/li>\n<\/ul>\n","protected":false},"excerpt":{"rendered":"<p>\u00c0 propos de ce cours Les Product Owners et Product Managers sont souvent submerg\u00e9s par les demandes, les priorit\u00e9s concurrentes et la pression de livrer rapidement des fonctionnalit\u00e9s, tout en peinant \u00e0 d\u00e9montrer leur impact sur l&rsquo;entreprise. Sans syst\u00e8me clair, les backlogs deviennent chaotiques et les feuilles de route perdent leur direction. La formation SAFe\u00ae [&hellip;]<\/p>\n","protected":false},"featured_media":3008,"comment_status":"open","ping_status":"closed","template":"","meta":{"_acf_changed":false,"_monsterinsights_skip_tracking":false,"_monsterinsights_sitenote_active":false,"_monsterinsights_sitenote_note":"","_monsterinsights_sitenote_category":0},"product_brand":[],"product_cat":[70],"product_tag":[],"class_list":{"0":"post-2756","1":"product","2":"type-product","3":"status-publish","4":"has-post-thumbnail","6":"product_cat-chef-de-produit-safe-product-owner","8":"first","9":"instock","10":"virtual","11":"sold-individually","12":"purchasable","13":"product-type-simple"},"acf":[],"yoast_head":"<!-- This site is optimized with the Yoast SEO plugin v27.4 - https:\/\/yoast.com\/product\/yoast-seo-wordpress\/ -->\n<title>23 &amp; 24 Mai - HZM Consulting<\/title>\n<meta name=\"robots\" content=\"index, follow, max-snippet:-1, max-image-preview:large, max-video-preview:-1\" \/>\n<link rel=\"canonical\" href=\"https:\/\/hzmconsulting.ca\/fr\/cours\/mai-23-24-2\/\" \/>\n<meta property=\"og:locale\" content=\"fr_FR\" \/>\n<meta property=\"og:type\" content=\"article\" \/>\n<meta property=\"og:title\" content=\"23 &amp; 24 Mai - HZM Consulting\" \/>\n<meta property=\"og:description\" content=\"\u00c0 propos de ce cours Les Product Owners et Product Managers sont souvent submerg\u00e9s par les demandes, les priorit\u00e9s concurrentes et la pression de livrer rapidement des fonctionnalit\u00e9s, tout en peinant \u00e0 d\u00e9montrer leur impact sur l&rsquo;entreprise. Sans syst\u00e8me clair, les backlogs deviennent chaotiques et les feuilles de route perdent leur direction. La formation SAFe\u00ae [&hellip;]\" \/>\n<meta property=\"og:url\" content=\"https:\/\/hzmconsulting.ca\/fr\/cours\/mai-23-24-2\/\" \/>\n<meta property=\"og:site_name\" content=\"HZM Consulting\" \/>\n<meta property=\"article:publisher\" content=\"https:\/\/www.facebook.com\/hzmconsulting\" \/>\n<meta property=\"article:modified_time\" content=\"2026-04-08T19:22:27+00:00\" \/>\n<meta property=\"og:image\" content=\"https:\/\/hzmconsulting.ca\/wp-content\/uploads\/2024\/01\/POPM.png\" \/>\n\t<meta property=\"og:image:width\" content=\"500\" \/>\n\t<meta property=\"og:image:height\" content=\"500\" \/>\n\t<meta property=\"og:image:type\" content=\"image\/png\" \/>\n<meta name=\"twitter:card\" content=\"summary_large_image\" \/>\n<meta name=\"twitter:label1\" content=\"Dur\u00e9e de lecture estim\u00e9e\" \/>\n\t<meta name=\"twitter:data1\" content=\"2 minutes\" \/>\n<script type=\"application\/ld+json\" class=\"yoast-schema-graph\">{\"@context\":\"https:\\\/\\\/schema.org\",\"@graph\":[{\"@type\":\"WebPage\",\"@id\":\"https:\\\/\\\/hzmconsulting.ca\\\/fr\\\/cours\\\/mai-23-24-2\\\/\",\"url\":\"https:\\\/\\\/hzmconsulting.ca\\\/fr\\\/cours\\\/mai-23-24-2\\\/\",\"name\":\"23 &amp; 24 Mai - HZM Consulting\",\"isPartOf\":{\"@id\":\"https:\\\/\\\/hzmconsulting.ca\\\/fr\\\/#website\"},\"primaryImageOfPage\":{\"@id\":\"https:\\\/\\\/hzmconsulting.ca\\\/fr\\\/cours\\\/mai-23-24-2\\\/#primaryimage\"},\"image\":{\"@id\":\"https:\\\/\\\/hzmconsulting.ca\\\/fr\\\/cours\\\/mai-23-24-2\\\/#primaryimage\"},\"thumbnailUrl\":\"https:\\\/\\\/hzmconsulting.ca\\\/wp-content\\\/uploads\\\/2024\\\/01\\\/POPM.png\",\"datePublished\":\"2023-12-24T20:03:30+00:00\",\"dateModified\":\"2026-04-08T19:22:27+00:00\",\"breadcrumb\":{\"@id\":\"https:\\\/\\\/hzmconsulting.ca\\\/fr\\\/cours\\\/mai-23-24-2\\\/#breadcrumb\"},\"inLanguage\":\"fr-FR\",\"potentialAction\":[{\"@type\":\"ReadAction\",\"target\":[\"https:\\\/\\\/hzmconsulting.ca\\\/fr\\\/cours\\\/mai-23-24-2\\\/\"]}]},{\"@type\":\"ImageObject\",\"inLanguage\":\"fr-FR\",\"@id\":\"https:\\\/\\\/hzmconsulting.ca\\\/fr\\\/cours\\\/mai-23-24-2\\\/#primaryimage\",\"url\":\"https:\\\/\\\/hzmconsulting.ca\\\/wp-content\\\/uploads\\\/2024\\\/01\\\/POPM.png\",\"contentUrl\":\"https:\\\/\\\/hzmconsulting.ca\\\/wp-content\\\/uploads\\\/2024\\\/01\\\/POPM.png\",\"width\":500,\"height\":500,\"caption\":\"Product Owner \\\/ Product Manager Certification Program\"},{\"@type\":\"BreadcrumbList\",\"@id\":\"https:\\\/\\\/hzmconsulting.ca\\\/fr\\\/cours\\\/mai-23-24-2\\\/#breadcrumb\",\"itemListElement\":[{\"@type\":\"ListItem\",\"position\":1,\"name\":\"Maison\",\"item\":\"https:\\\/\\\/hzmconsulting.ca\\\/fr\\\/\"},{\"@type\":\"ListItem\",\"position\":2,\"name\":\"Courses\",\"item\":\"https:\\\/\\\/hzmconsulting.ca\\\/courses\\\/\"},{\"@type\":\"ListItem\",\"position\":3,\"name\":\"23 &amp; 24 Mai\"}]},{\"@type\":\"WebSite\",\"@id\":\"https:\\\/\\\/hzmconsulting.ca\\\/fr\\\/#website\",\"url\":\"https:\\\/\\\/hzmconsulting.ca\\\/fr\\\/\",\"name\":\"HZM Consulting\",\"description\":\"\",\"publisher\":{\"@id\":\"https:\\\/\\\/hzmconsulting.ca\\\/fr\\\/#organization\"},\"potentialAction\":[{\"@type\":\"SearchAction\",\"target\":{\"@type\":\"EntryPoint\",\"urlTemplate\":\"https:\\\/\\\/hzmconsulting.ca\\\/fr\\\/?s={search_term_string}\"},\"query-input\":{\"@type\":\"PropertyValueSpecification\",\"valueRequired\":true,\"valueName\":\"search_term_string\"}}],\"inLanguage\":\"fr-FR\"},{\"@type\":\"Organization\",\"@id\":\"https:\\\/\\\/hzmconsulting.ca\\\/fr\\\/#organization\",\"name\":\"HZM Consulting\",\"url\":\"https:\\\/\\\/hzmconsulting.ca\\\/fr\\\/\",\"logo\":{\"@type\":\"ImageObject\",\"inLanguage\":\"fr-FR\",\"@id\":\"https:\\\/\\\/hzmconsulting.ca\\\/fr\\\/#\\\/schema\\\/logo\\\/image\\\/\",\"url\":\"https:\\\/\\\/hzmconsulting.ca\\\/wp-content\\\/uploads\\\/2024\\\/01\\\/avatar-hzm-socialmedia2-1.png\",\"contentUrl\":\"https:\\\/\\\/hzmconsulting.ca\\\/wp-content\\\/uploads\\\/2024\\\/01\\\/avatar-hzm-socialmedia2-1.png\",\"width\":1000,\"height\":750,\"caption\":\"HZM Consulting\"},\"image\":{\"@id\":\"https:\\\/\\\/hzmconsulting.ca\\\/fr\\\/#\\\/schema\\\/logo\\\/image\\\/\"},\"sameAs\":[\"https:\\\/\\\/www.facebook.com\\\/hzmconsulting\",\"https:\\\/\\\/www.linkedin.com\\\/company\\\/hzm-consulting\\\/\",\"https:\\\/\\\/www.instagram.com\\\/hzmconsulting\\\/\"]}]}<\/script>\n<!-- \/ Yoast SEO plugin. -->","yoast_head_json":{"title":"23 &amp; 24 Mai - HZM Consulting","robots":{"index":"index","follow":"follow","max-snippet":"max-snippet:-1","max-image-preview":"max-image-preview:large","max-video-preview":"max-video-preview:-1"},"canonical":"https:\/\/hzmconsulting.ca\/fr\/cours\/mai-23-24-2\/","og_locale":"fr_FR","og_type":"article","og_title":"23 &amp; 24 Mai - HZM Consulting","og_description":"\u00c0 propos de ce cours Les Product Owners et Product Managers sont souvent submerg\u00e9s par les demandes, les priorit\u00e9s concurrentes et la pression de livrer rapidement des fonctionnalit\u00e9s, tout en peinant \u00e0 d\u00e9montrer leur impact sur l&rsquo;entreprise. Sans syst\u00e8me clair, les backlogs deviennent chaotiques et les feuilles de route perdent leur direction. La formation SAFe\u00ae [&hellip;]","og_url":"https:\/\/hzmconsulting.ca\/fr\/cours\/mai-23-24-2\/","og_site_name":"HZM Consulting","article_publisher":"https:\/\/www.facebook.com\/hzmconsulting","article_modified_time":"2026-04-08T19:22:27+00:00","og_image":[{"width":500,"height":500,"url":"https:\/\/hzmconsulting.ca\/wp-content\/uploads\/2024\/01\/POPM.png","type":"image\/png"}],"twitter_card":"summary_large_image","twitter_misc":{"Dur\u00e9e de lecture estim\u00e9e":"2 minutes"},"schema":{"@context":"https:\/\/schema.org","@graph":[{"@type":"WebPage","@id":"https:\/\/hzmconsulting.ca\/fr\/cours\/mai-23-24-2\/","url":"https:\/\/hzmconsulting.ca\/fr\/cours\/mai-23-24-2\/","name":"23 &amp; 24 Mai - HZM Consulting","isPartOf":{"@id":"https:\/\/hzmconsulting.ca\/fr\/#website"},"primaryImageOfPage":{"@id":"https:\/\/hzmconsulting.ca\/fr\/cours\/mai-23-24-2\/#primaryimage"},"image":{"@id":"https:\/\/hzmconsulting.ca\/fr\/cours\/mai-23-24-2\/#primaryimage"},"thumbnailUrl":"https:\/\/hzmconsulting.ca\/wp-content\/uploads\/2024\/01\/POPM.png","datePublished":"2023-12-24T20:03:30+00:00","dateModified":"2026-04-08T19:22:27+00:00","breadcrumb":{"@id":"https:\/\/hzmconsulting.ca\/fr\/cours\/mai-23-24-2\/#breadcrumb"},"inLanguage":"fr-FR","potentialAction":[{"@type":"ReadAction","target":["https:\/\/hzmconsulting.ca\/fr\/cours\/mai-23-24-2\/"]}]},{"@type":"ImageObject","inLanguage":"fr-FR","@id":"https:\/\/hzmconsulting.ca\/fr\/cours\/mai-23-24-2\/#primaryimage","url":"https:\/\/hzmconsulting.ca\/wp-content\/uploads\/2024\/01\/POPM.png","contentUrl":"https:\/\/hzmconsulting.ca\/wp-content\/uploads\/2024\/01\/POPM.png","width":500,"height":500,"caption":"Product Owner \/ Product Manager Certification Program"},{"@type":"BreadcrumbList","@id":"https:\/\/hzmconsulting.ca\/fr\/cours\/mai-23-24-2\/#breadcrumb","itemListElement":[{"@type":"ListItem","position":1,"name":"Maison","item":"https:\/\/hzmconsulting.ca\/fr\/"},{"@type":"ListItem","position":2,"name":"Courses","item":"https:\/\/hzmconsulting.ca\/courses\/"},{"@type":"ListItem","position":3,"name":"23 &amp; 24 Mai"}]},{"@type":"WebSite","@id":"https:\/\/hzmconsulting.ca\/fr\/#website","url":"https:\/\/hzmconsulting.ca\/fr\/","name":"HZM Consulting","description":"","publisher":{"@id":"https:\/\/hzmconsulting.ca\/fr\/#organization"},"potentialAction":[{"@type":"SearchAction","target":{"@type":"EntryPoint","urlTemplate":"https:\/\/hzmconsulting.ca\/fr\/?s={search_term_string}"},"query-input":{"@type":"PropertyValueSpecification","valueRequired":true,"valueName":"search_term_string"}}],"inLanguage":"fr-FR"},{"@type":"Organization","@id":"https:\/\/hzmconsulting.ca\/fr\/#organization","name":"HZM Consulting","url":"https:\/\/hzmconsulting.ca\/fr\/","logo":{"@type":"ImageObject","inLanguage":"fr-FR","@id":"https:\/\/hzmconsulting.ca\/fr\/#\/schema\/logo\/image\/","url":"https:\/\/hzmconsulting.ca\/wp-content\/uploads\/2024\/01\/avatar-hzm-socialmedia2-1.png","contentUrl":"https:\/\/hzmconsulting.ca\/wp-content\/uploads\/2024\/01\/avatar-hzm-socialmedia2-1.png","width":1000,"height":750,"caption":"HZM Consulting"},"image":{"@id":"https:\/\/hzmconsulting.ca\/fr\/#\/schema\/logo\/image\/"},"sameAs":["https:\/\/www.facebook.com\/hzmconsulting","https:\/\/www.linkedin.com\/company\/hzm-consulting\/","https:\/\/www.instagram.com\/hzmconsulting\/"]}]}},"_links":{"self":[{"href":"https:\/\/hzmconsulting.ca\/fr\/wp-json\/wp\/v2\/product\/2756","targetHints":{"allow":["GET"]}}],"collection":[{"href":"https:\/\/hzmconsulting.ca\/fr\/wp-json\/wp\/v2\/product"}],"about":[{"href":"https:\/\/hzmconsulting.ca\/fr\/wp-json\/wp\/v2\/types\/product"}],"replies":[{"embeddable":true,"href":"https:\/\/hzmconsulting.ca\/fr\/wp-json\/wp\/v2\/comments?post=2756"}],"wp:featuredmedia":[{"embeddable":true,"href":"https:\/\/hzmconsulting.ca\/fr\/wp-json\/wp\/v2\/media\/3008"}],"wp:attachment":[{"href":"https:\/\/hzmconsulting.ca\/fr\/wp-json\/wp\/v2\/media?parent=2756"}],"wp:term":[{"taxonomy":"product_brand","embeddable":true,"href":"https:\/\/hzmconsulting.ca\/fr\/wp-json\/wp\/v2\/product_brand?post=2756"},{"taxonomy":"product_cat","embeddable":true,"href":"https:\/\/hzmconsulting.ca\/fr\/wp-json\/wp\/v2\/product_cat?post=2756"},{"taxonomy":"product_tag","embeddable":true,"href":"https:\/\/hzmconsulting.ca\/fr\/wp-json\/wp\/v2\/product_tag?post=2756"}],"curies":[{"name":"wp","href":"https:\/\/api.w.org\/{rel}","templated":true}]}}