{"id":3421,"date":"2023-12-28T16:34:05","date_gmt":"2023-12-28T16:34:05","guid":{"rendered":"https:\/\/hzmconsulting.ca\/course\/mar-16-17\/"},"modified":"2026-04-08T18:52:08","modified_gmt":"2026-04-08T18:52:08","slug":"maio-16-17-2","status":"publish","type":"product","link":"https:\/\/hzmconsulting.ca\/pt-br\/curso\/maio-16-17-2\/","title":{"rendered":"16 &amp; 17 de Maio"},"content":{"rendered":"<h2 id=\"ep-00c6eb5\" class=\"elementor-heading-title elementor-size-default elementor-inline-editing\" data-elementor-setting-key=\"title\"><strong><span style=\"color: #283f60; font-family: 'Teko'; font-size: 48px;\">Sobre Este<\/span> <span style=\"color: #f7bd43; font-family: 'Teko'; font-size: 48px;\">Curso<\/span><\/strong><\/h2>\n<p>Muitas organiza\u00e7\u00f5es adotam o Agile com sucesso no n\u00edvel de equipe, mas enfrentam dificuldades ao tentar expandi-lo para outros departamentos e unidades de neg\u00f3cios. L\u00edderes enfrentam prioridades desalinhadas, equipes desconectadas e a press\u00e3o para entregar mais r\u00e1pido em um mercado competitivo. O Leading SAFe\u00ae foi desenvolvido para solucionar esse desafio, fornecendo a l\u00edderes, gerentes e agentes de mudan\u00e7a a mentalidade e as ferramentas para escalar a agilidade com confian\u00e7a. Voc\u00ea aprender\u00e1 a orientar o Planejamento de PI, coordenar m\u00faltiplos Trens de Lan\u00e7amento \u00c1geis e alinhar a estrat\u00e9gia com resultados mensur\u00e1veis. Este curso \u00e9 a sua porta de entrada para liderar uma transforma\u00e7\u00e3o Lean-Agile e transformar a agilidade empresarial em resultados reais para os neg\u00f3cios.<\/p>\n<p>&nbsp;<\/p>\n<h3>Isto \u00e9 para voc\u00ea?<\/h3>\n<ul>\n<li>L\u00edderes, gestores e executivos respons\u00e1veis \u200b\u200bpor resultados de neg\u00f3cios<\/li>\n<li>Agentes de mudan\u00e7a e consultores que apoiam a transforma\u00e7\u00e3o organizacional<\/li>\n<li>Profissionais que buscam entender como o Agile funciona em n\u00edvel empresarial<\/li>\n<\/ul>\n<p>&nbsp;<\/p>\n<h3>O que voc\u00ea aprender\u00e1<\/h3>\n<ul>\n<li>Como aplicar os princ\u00edpios do SAFe\u00ae em decis\u00f5es estrat\u00e9gicas e operacionais<\/li>\n<li>Como executar e facilitar o Planejamento de PI de forma eficaz<\/li>\n<li>Como coordenar Trens de Libera\u00e7\u00e3o \u00c1geis e melhorar o fluxo de valor<\/li>\n<li>Como alinhar portf\u00f3lios com objetivos de neg\u00f3cios usando a Gest\u00e3o de Portf\u00f3lio Lean<\/li>\n<\/ul>\n","protected":false},"excerpt":{"rendered":"<p>Sobre Este Curso Muitas organiza\u00e7\u00f5es adotam o Agile com sucesso no n\u00edvel de equipe, mas enfrentam dificuldades ao tentar expandi-lo para outros departamentos e unidades de neg\u00f3cios. L\u00edderes enfrentam prioridades desalinhadas, equipes desconectadas e a press\u00e3o para entregar mais r\u00e1pido em um mercado competitivo. O Leading SAFe\u00ae foi desenvolvido para solucionar esse desafio, fornecendo a [&hellip;]<\/p>\n","protected":false},"featured_media":3298,"comment_status":"open","ping_status":"closed","template":"","meta":{"_acf_changed":false,"_monsterinsights_skip_tracking":false,"_monsterinsights_sitenote_active":false,"_monsterinsights_sitenote_note":"","_monsterinsights_sitenote_category":0},"product_brand":[],"product_cat":[81],"product_tag":[],"class_list":{"0":"post-3421","1":"product","2":"type-product","3":"status-publish","4":"has-post-thumbnail","6":"product_cat-leading-safe-pt-br","8":"first","9":"instock","10":"virtual","11":"sold-individually","12":"purchasable","13":"product-type-simple"},"acf":[],"yoast_head":"<!-- This site is optimized with the Yoast SEO plugin v27.5 - https:\/\/yoast.com\/product\/yoast-seo-wordpress\/ -->\n<title>16 &amp; 17 de Maio - HZM Consulting<\/title>\n<meta name=\"robots\" content=\"index, follow, max-snippet:-1, max-image-preview:large, max-video-preview:-1\" \/>\n<link rel=\"canonical\" href=\"https:\/\/hzmconsulting.ca\/pt-br\/curso\/maio-16-17-2\/\" \/>\n<meta property=\"og:locale\" content=\"pt_BR\" \/>\n<meta property=\"og:type\" content=\"article\" \/>\n<meta property=\"og:title\" content=\"16 &amp; 17 de Maio - HZM Consulting\" \/>\n<meta property=\"og:description\" content=\"Sobre Este Curso Muitas organiza\u00e7\u00f5es adotam o Agile com sucesso no n\u00edvel de equipe, mas enfrentam dificuldades ao tentar expandi-lo para outros departamentos e unidades de neg\u00f3cios. L\u00edderes enfrentam prioridades desalinhadas, equipes desconectadas e a press\u00e3o para entregar mais r\u00e1pido em um mercado competitivo. O Leading SAFe\u00ae foi desenvolvido para solucionar esse desafio, fornecendo a [&hellip;]\" \/>\n<meta property=\"og:url\" content=\"https:\/\/hzmconsulting.ca\/pt-br\/curso\/maio-16-17-2\/\" \/>\n<meta property=\"og:site_name\" content=\"HZM Consulting\" \/>\n<meta property=\"article:publisher\" content=\"https:\/\/www.facebook.com\/hzmconsulting\" \/>\n<meta property=\"article:modified_time\" content=\"2026-04-08T18:52:08+00:00\" \/>\n<meta property=\"og:image\" content=\"https:\/\/hzmconsulting.ca\/wp-content\/uploads\/2024\/01\/SA.png\" \/>\n\t<meta property=\"og:image:width\" content=\"500\" \/>\n\t<meta property=\"og:image:height\" content=\"500\" \/>\n\t<meta property=\"og:image:type\" content=\"image\/png\" \/>\n<meta name=\"twitter:card\" content=\"summary_large_image\" \/>\n<meta name=\"twitter:label1\" content=\"Est. tempo de leitura\" \/>\n\t<meta name=\"twitter:data1\" content=\"2 minutos\" \/>\n<script type=\"application\/ld+json\" class=\"yoast-schema-graph\">{\"@context\":\"https:\\\/\\\/schema.org\",\"@graph\":[{\"@type\":\"WebPage\",\"@id\":\"https:\\\/\\\/hzmconsulting.ca\\\/pt-br\\\/curso\\\/maio-16-17-2\\\/\",\"url\":\"https:\\\/\\\/hzmconsulting.ca\\\/pt-br\\\/curso\\\/maio-16-17-2\\\/\",\"name\":\"16 &amp; 17 de Maio - HZM Consulting\",\"isPartOf\":{\"@id\":\"https:\\\/\\\/hzmconsulting.ca\\\/fr\\\/#website\"},\"primaryImageOfPage\":{\"@id\":\"https:\\\/\\\/hzmconsulting.ca\\\/pt-br\\\/curso\\\/maio-16-17-2\\\/#primaryimage\"},\"image\":{\"@id\":\"https:\\\/\\\/hzmconsulting.ca\\\/pt-br\\\/curso\\\/maio-16-17-2\\\/#primaryimage\"},\"thumbnailUrl\":\"https:\\\/\\\/hzmconsulting.ca\\\/wp-content\\\/uploads\\\/2024\\\/01\\\/SA.png\",\"datePublished\":\"2023-12-28T16:34:05+00:00\",\"dateModified\":\"2026-04-08T18:52:08+00:00\",\"breadcrumb\":{\"@id\":\"https:\\\/\\\/hzmconsulting.ca\\\/pt-br\\\/curso\\\/maio-16-17-2\\\/#breadcrumb\"},\"inLanguage\":\"pt-BR\",\"potentialAction\":[{\"@type\":\"ReadAction\",\"target\":[\"https:\\\/\\\/hzmconsulting.ca\\\/pt-br\\\/curso\\\/maio-16-17-2\\\/\"]}]},{\"@type\":\"ImageObject\",\"inLanguage\":\"pt-BR\",\"@id\":\"https:\\\/\\\/hzmconsulting.ca\\\/pt-br\\\/curso\\\/maio-16-17-2\\\/#primaryimage\",\"url\":\"https:\\\/\\\/hzmconsulting.ca\\\/wp-content\\\/uploads\\\/2024\\\/01\\\/SA.png\",\"contentUrl\":\"https:\\\/\\\/hzmconsulting.ca\\\/wp-content\\\/uploads\\\/2024\\\/01\\\/SA.png\",\"width\":500,\"height\":500,\"caption\":\"Agilist Certification Program\"},{\"@type\":\"BreadcrumbList\",\"@id\":\"https:\\\/\\\/hzmconsulting.ca\\\/pt-br\\\/curso\\\/maio-16-17-2\\\/#breadcrumb\",\"itemListElement\":[{\"@type\":\"ListItem\",\"position\":1,\"name\":\"P\u00e1gina Inicial\",\"item\":\"https:\\\/\\\/hzmconsulting.ca\\\/\"},{\"@type\":\"ListItem\",\"position\":2,\"name\":\"Courses\",\"item\":\"https:\\\/\\\/hzmconsulting.ca\\\/courses\\\/\"},{\"@type\":\"ListItem\",\"position\":3,\"name\":\"16 &amp; 17 de Maio\"}]},{\"@type\":\"WebSite\",\"@id\":\"https:\\\/\\\/hzmconsulting.ca\\\/fr\\\/#website\",\"url\":\"https:\\\/\\\/hzmconsulting.ca\\\/fr\\\/\",\"name\":\"HZM Consulting\",\"description\":\"\",\"publisher\":{\"@id\":\"https:\\\/\\\/hzmconsulting.ca\\\/fr\\\/#organization\"},\"potentialAction\":[{\"@type\":\"SearchAction\",\"target\":{\"@type\":\"EntryPoint\",\"urlTemplate\":\"https:\\\/\\\/hzmconsulting.ca\\\/fr\\\/?s={search_term_string}\"},\"query-input\":{\"@type\":\"PropertyValueSpecification\",\"valueRequired\":true,\"valueName\":\"search_term_string\"}}],\"inLanguage\":\"pt-BR\"},{\"@type\":\"Organization\",\"@id\":\"https:\\\/\\\/hzmconsulting.ca\\\/fr\\\/#organization\",\"name\":\"HZM Consulting\",\"url\":\"https:\\\/\\\/hzmconsulting.ca\\\/fr\\\/\",\"logo\":{\"@type\":\"ImageObject\",\"inLanguage\":\"pt-BR\",\"@id\":\"https:\\\/\\\/hzmconsulting.ca\\\/fr\\\/#\\\/schema\\\/logo\\\/image\\\/\",\"url\":\"https:\\\/\\\/hzmconsulting.ca\\\/wp-content\\\/uploads\\\/2024\\\/01\\\/avatar-hzm-socialmedia2-1.png\",\"contentUrl\":\"https:\\\/\\\/hzmconsulting.ca\\\/wp-content\\\/uploads\\\/2024\\\/01\\\/avatar-hzm-socialmedia2-1.png\",\"width\":1000,\"height\":750,\"caption\":\"HZM Consulting\"},\"image\":{\"@id\":\"https:\\\/\\\/hzmconsulting.ca\\\/fr\\\/#\\\/schema\\\/logo\\\/image\\\/\"},\"sameAs\":[\"https:\\\/\\\/www.facebook.com\\\/hzmconsulting\",\"https:\\\/\\\/www.linkedin.com\\\/company\\\/hzm-consulting\\\/\",\"https:\\\/\\\/www.instagram.com\\\/hzmconsulting\\\/\"]}]}<\/script>\n<!-- \/ Yoast SEO plugin. -->","yoast_head_json":{"title":"16 &amp; 17 de Maio - HZM Consulting","robots":{"index":"index","follow":"follow","max-snippet":"max-snippet:-1","max-image-preview":"max-image-preview:large","max-video-preview":"max-video-preview:-1"},"canonical":"https:\/\/hzmconsulting.ca\/pt-br\/curso\/maio-16-17-2\/","og_locale":"pt_BR","og_type":"article","og_title":"16 &amp; 17 de Maio - HZM Consulting","og_description":"Sobre Este Curso Muitas organiza\u00e7\u00f5es adotam o Agile com sucesso no n\u00edvel de equipe, mas enfrentam dificuldades ao tentar expandi-lo para outros departamentos e unidades de neg\u00f3cios. L\u00edderes enfrentam prioridades desalinhadas, equipes desconectadas e a press\u00e3o para entregar mais r\u00e1pido em um mercado competitivo. O Leading SAFe\u00ae foi desenvolvido para solucionar esse desafio, fornecendo a [&hellip;]","og_url":"https:\/\/hzmconsulting.ca\/pt-br\/curso\/maio-16-17-2\/","og_site_name":"HZM Consulting","article_publisher":"https:\/\/www.facebook.com\/hzmconsulting","article_modified_time":"2026-04-08T18:52:08+00:00","og_image":[{"width":500,"height":500,"url":"https:\/\/hzmconsulting.ca\/wp-content\/uploads\/2024\/01\/SA.png","type":"image\/png"}],"twitter_card":"summary_large_image","twitter_misc":{"Est. tempo de leitura":"2 minutos"},"schema":{"@context":"https:\/\/schema.org","@graph":[{"@type":"WebPage","@id":"https:\/\/hzmconsulting.ca\/pt-br\/curso\/maio-16-17-2\/","url":"https:\/\/hzmconsulting.ca\/pt-br\/curso\/maio-16-17-2\/","name":"16 &amp; 17 de Maio - HZM Consulting","isPartOf":{"@id":"https:\/\/hzmconsulting.ca\/fr\/#website"},"primaryImageOfPage":{"@id":"https:\/\/hzmconsulting.ca\/pt-br\/curso\/maio-16-17-2\/#primaryimage"},"image":{"@id":"https:\/\/hzmconsulting.ca\/pt-br\/curso\/maio-16-17-2\/#primaryimage"},"thumbnailUrl":"https:\/\/hzmconsulting.ca\/wp-content\/uploads\/2024\/01\/SA.png","datePublished":"2023-12-28T16:34:05+00:00","dateModified":"2026-04-08T18:52:08+00:00","breadcrumb":{"@id":"https:\/\/hzmconsulting.ca\/pt-br\/curso\/maio-16-17-2\/#breadcrumb"},"inLanguage":"pt-BR","potentialAction":[{"@type":"ReadAction","target":["https:\/\/hzmconsulting.ca\/pt-br\/curso\/maio-16-17-2\/"]}]},{"@type":"ImageObject","inLanguage":"pt-BR","@id":"https:\/\/hzmconsulting.ca\/pt-br\/curso\/maio-16-17-2\/#primaryimage","url":"https:\/\/hzmconsulting.ca\/wp-content\/uploads\/2024\/01\/SA.png","contentUrl":"https:\/\/hzmconsulting.ca\/wp-content\/uploads\/2024\/01\/SA.png","width":500,"height":500,"caption":"Agilist Certification Program"},{"@type":"BreadcrumbList","@id":"https:\/\/hzmconsulting.ca\/pt-br\/curso\/maio-16-17-2\/#breadcrumb","itemListElement":[{"@type":"ListItem","position":1,"name":"P\u00e1gina Inicial","item":"https:\/\/hzmconsulting.ca\/"},{"@type":"ListItem","position":2,"name":"Courses","item":"https:\/\/hzmconsulting.ca\/courses\/"},{"@type":"ListItem","position":3,"name":"16 &amp; 17 de Maio"}]},{"@type":"WebSite","@id":"https:\/\/hzmconsulting.ca\/fr\/#website","url":"https:\/\/hzmconsulting.ca\/fr\/","name":"HZM Consulting","description":"","publisher":{"@id":"https:\/\/hzmconsulting.ca\/fr\/#organization"},"potentialAction":[{"@type":"SearchAction","target":{"@type":"EntryPoint","urlTemplate":"https:\/\/hzmconsulting.ca\/fr\/?s={search_term_string}"},"query-input":{"@type":"PropertyValueSpecification","valueRequired":true,"valueName":"search_term_string"}}],"inLanguage":"pt-BR"},{"@type":"Organization","@id":"https:\/\/hzmconsulting.ca\/fr\/#organization","name":"HZM Consulting","url":"https:\/\/hzmconsulting.ca\/fr\/","logo":{"@type":"ImageObject","inLanguage":"pt-BR","@id":"https:\/\/hzmconsulting.ca\/fr\/#\/schema\/logo\/image\/","url":"https:\/\/hzmconsulting.ca\/wp-content\/uploads\/2024\/01\/avatar-hzm-socialmedia2-1.png","contentUrl":"https:\/\/hzmconsulting.ca\/wp-content\/uploads\/2024\/01\/avatar-hzm-socialmedia2-1.png","width":1000,"height":750,"caption":"HZM Consulting"},"image":{"@id":"https:\/\/hzmconsulting.ca\/fr\/#\/schema\/logo\/image\/"},"sameAs":["https:\/\/www.facebook.com\/hzmconsulting","https:\/\/www.linkedin.com\/company\/hzm-consulting\/","https:\/\/www.instagram.com\/hzmconsulting\/"]}]}},"_links":{"self":[{"href":"https:\/\/hzmconsulting.ca\/pt-br\/wp-json\/wp\/v2\/product\/3421","targetHints":{"allow":["GET"]}}],"collection":[{"href":"https:\/\/hzmconsulting.ca\/pt-br\/wp-json\/wp\/v2\/product"}],"about":[{"href":"https:\/\/hzmconsulting.ca\/pt-br\/wp-json\/wp\/v2\/types\/product"}],"replies":[{"embeddable":true,"href":"https:\/\/hzmconsulting.ca\/pt-br\/wp-json\/wp\/v2\/comments?post=3421"}],"wp:featuredmedia":[{"embeddable":true,"href":"https:\/\/hzmconsulting.ca\/pt-br\/wp-json\/wp\/v2\/media\/3298"}],"wp:attachment":[{"href":"https:\/\/hzmconsulting.ca\/pt-br\/wp-json\/wp\/v2\/media?parent=3421"}],"wp:term":[{"taxonomy":"product_brand","embeddable":true,"href":"https:\/\/hzmconsulting.ca\/pt-br\/wp-json\/wp\/v2\/product_brand?post=3421"},{"taxonomy":"product_cat","embeddable":true,"href":"https:\/\/hzmconsulting.ca\/pt-br\/wp-json\/wp\/v2\/product_cat?post=3421"},{"taxonomy":"product_tag","embeddable":true,"href":"https:\/\/hzmconsulting.ca\/pt-br\/wp-json\/wp\/v2\/product_tag?post=3421"}],"curies":[{"name":"wp","href":"https:\/\/api.w.org\/{rel}","templated":true}]}}