{"id":3426,"date":"2023-12-28T16:33:26","date_gmt":"2023-12-28T16:33:26","guid":{"rendered":"https:\/\/hzmconsulting.ca\/course\/fev-17-18\/"},"modified":"2026-04-08T19:24:48","modified_gmt":"2026-04-08T19:24:48","slug":"25-26-abril","status":"publish","type":"product","link":"https:\/\/hzmconsulting.ca\/pt-br\/curso\/25-26-abril\/","title":{"rendered":"25 &amp; 26 de Abril"},"content":{"rendered":"<h2 id=\"ep-00c6eb5\" class=\"elementor-heading-title elementor-size-default elementor-inline-editing\" data-elementor-setting-key=\"title\"><strong><span style=\"color: #283f60; font-family: 'Teko'; font-size: 48px;\">Sobre Este<\/span> <span style=\"color: #f7bd43; font-family: 'Teko'; font-size: 48px;\">Curso<\/span><\/strong><\/h2>\n<h3>Prosperando na era digital com Agilidade nos Neg\u00f3cios com o certificado SAFe\u00ae Agilist<\/h3>\n<p>Durante este curso ao vivo de dois dias, os alunos obter\u00e3o o conhecimento necess\u00e1rio para aproveitar o Scaled Agile Framework\u00ae (SAFe\u00ae) e liderar uma empresa Lean-Agile como um certificado SAFe\u00ae Agilist (SA). Derivando seus princ\u00edpios subjacentes de Lean, pensamento sist\u00eamico, desenvolvimento \u00e1gil, fluxo de desenvolvimento de produto e DevOps, os participantes ser\u00e3o expostos \u00e0s cinco compet\u00eancias necess\u00e1rias para se tornar uma Empresa Lean e aprender\u00e3o e praticar\u00e3o as habilidades necess\u00e1rias para apoiar e executar eventos de Planejamento de Incremento de Programa. e coordenar v\u00e1rios Agile Release Trains (ARTs).<br \/>\nA compreens\u00e3o fundamental da mentalidade Lean-Agile, por que ela \u00e9 t\u00e3o eficaz no mercado acelerado de hoje e o que significa conduzir uma transforma\u00e7\u00e3o Lean-Agile ser\u00e3o pontos de aprendizagem em foco. Os participantes aprender\u00e3o como construir e apoiar equipes e programas \u00e1geis, habilitar um portf\u00f3lio Lean, estabelecer um pipeline de entrega cont\u00ednua e uma cultura DevOps e coordenar grandes solu\u00e7\u00f5es. Os alunos desenvolver\u00e3o um novo conjunto de habilidades que t\u00eam reconhecimento e demanda global para fornecer \u00e0s empresas as chaves para o sucesso em um mercado em transforma\u00e7\u00e3o como SAFe\u00ae Agilist (SA).<\/p>\n","protected":false},"excerpt":{"rendered":"<p>Sobre Este Curso Prosperando na era digital com Agilidade nos Neg\u00f3cios com o certificado SAFe\u00ae Agilist Durante este curso ao vivo de dois dias, os alunos obter\u00e3o o conhecimento necess\u00e1rio para aproveitar o Scaled Agile Framework\u00ae (SAFe\u00ae) e liderar uma empresa Lean-Agile como um certificado SAFe\u00ae Agilist (SA). Derivando seus princ\u00edpios subjacentes de Lean, pensamento [&hellip;]<\/p>\n","protected":false},"featured_media":3301,"comment_status":"open","ping_status":"closed","template":"","meta":{"_acf_changed":false,"_monsterinsights_skip_tracking":false,"_monsterinsights_sitenote_active":false,"_monsterinsights_sitenote_note":"","_monsterinsights_sitenote_category":0},"product_brand":[],"product_cat":[82],"product_tag":[],"class_list":{"0":"post-3426","1":"product","2":"type-product","3":"status-publish","4":"has-post-thumbnail","6":"product_cat-safe-product-owner-product-manager-pt-br","8":"first","9":"instock","10":"virtual","11":"sold-individually","12":"purchasable","13":"product-type-simple"},"acf":[],"yoast_head":"<!-- This site is optimized with the Yoast SEO plugin v27.4 - https:\/\/yoast.com\/product\/yoast-seo-wordpress\/ -->\n<title>25 &amp; 26 de Abril - HZM Consulting<\/title>\n<meta name=\"robots\" content=\"index, follow, max-snippet:-1, max-image-preview:large, max-video-preview:-1\" \/>\n<link rel=\"canonical\" href=\"https:\/\/hzmconsulting.ca\/pt-br\/curso\/25-26-abril\/\" \/>\n<meta property=\"og:locale\" content=\"pt_BR\" \/>\n<meta property=\"og:type\" content=\"article\" \/>\n<meta property=\"og:title\" content=\"25 &amp; 26 de Abril - HZM Consulting\" \/>\n<meta property=\"og:description\" content=\"Sobre Este Curso Prosperando na era digital com Agilidade nos Neg\u00f3cios com o certificado SAFe\u00ae Agilist Durante este curso ao vivo de dois dias, os alunos obter\u00e3o o conhecimento necess\u00e1rio para aproveitar o Scaled Agile Framework\u00ae (SAFe\u00ae) e liderar uma empresa Lean-Agile como um certificado SAFe\u00ae Agilist (SA). Derivando seus princ\u00edpios subjacentes de Lean, pensamento [&hellip;]\" \/>\n<meta property=\"og:url\" content=\"https:\/\/hzmconsulting.ca\/pt-br\/curso\/25-26-abril\/\" \/>\n<meta property=\"og:site_name\" content=\"HZM Consulting\" \/>\n<meta property=\"article:publisher\" content=\"https:\/\/www.facebook.com\/hzmconsulting\" \/>\n<meta property=\"article:modified_time\" content=\"2026-04-08T19:24:48+00:00\" \/>\n<meta property=\"og:image\" content=\"https:\/\/hzmconsulting.ca\/wp-content\/uploads\/2024\/01\/POPM.png\" \/>\n\t<meta property=\"og:image:width\" content=\"500\" \/>\n\t<meta property=\"og:image:height\" content=\"500\" \/>\n\t<meta property=\"og:image:type\" content=\"image\/png\" \/>\n<meta name=\"twitter:card\" content=\"summary_large_image\" \/>\n<meta name=\"twitter:label1\" content=\"Est. tempo de leitura\" \/>\n\t<meta name=\"twitter:data1\" content=\"2 minutos\" \/>\n<script type=\"application\/ld+json\" class=\"yoast-schema-graph\">{\"@context\":\"https:\\\/\\\/schema.org\",\"@graph\":[{\"@type\":\"WebPage\",\"@id\":\"https:\\\/\\\/hzmconsulting.ca\\\/pt-br\\\/curso\\\/25-26-abril\\\/\",\"url\":\"https:\\\/\\\/hzmconsulting.ca\\\/pt-br\\\/curso\\\/25-26-abril\\\/\",\"name\":\"25 &amp; 26 de Abril - HZM Consulting\",\"isPartOf\":{\"@id\":\"https:\\\/\\\/hzmconsulting.ca\\\/fr\\\/#website\"},\"primaryImageOfPage\":{\"@id\":\"https:\\\/\\\/hzmconsulting.ca\\\/pt-br\\\/curso\\\/25-26-abril\\\/#primaryimage\"},\"image\":{\"@id\":\"https:\\\/\\\/hzmconsulting.ca\\\/pt-br\\\/curso\\\/25-26-abril\\\/#primaryimage\"},\"thumbnailUrl\":\"https:\\\/\\\/hzmconsulting.ca\\\/wp-content\\\/uploads\\\/2024\\\/01\\\/POPM.png\",\"datePublished\":\"2023-12-28T16:33:26+00:00\",\"dateModified\":\"2026-04-08T19:24:48+00:00\",\"breadcrumb\":{\"@id\":\"https:\\\/\\\/hzmconsulting.ca\\\/pt-br\\\/curso\\\/25-26-abril\\\/#breadcrumb\"},\"inLanguage\":\"pt-BR\",\"potentialAction\":[{\"@type\":\"ReadAction\",\"target\":[\"https:\\\/\\\/hzmconsulting.ca\\\/pt-br\\\/curso\\\/25-26-abril\\\/\"]}]},{\"@type\":\"ImageObject\",\"inLanguage\":\"pt-BR\",\"@id\":\"https:\\\/\\\/hzmconsulting.ca\\\/pt-br\\\/curso\\\/25-26-abril\\\/#primaryimage\",\"url\":\"https:\\\/\\\/hzmconsulting.ca\\\/wp-content\\\/uploads\\\/2024\\\/01\\\/POPM.png\",\"contentUrl\":\"https:\\\/\\\/hzmconsulting.ca\\\/wp-content\\\/uploads\\\/2024\\\/01\\\/POPM.png\",\"width\":500,\"height\":500,\"caption\":\"Product Owner \\\/ Product Manager Certification Program\"},{\"@type\":\"BreadcrumbList\",\"@id\":\"https:\\\/\\\/hzmconsulting.ca\\\/pt-br\\\/curso\\\/25-26-abril\\\/#breadcrumb\",\"itemListElement\":[{\"@type\":\"ListItem\",\"position\":1,\"name\":\"P\u00e1gina Inicial\",\"item\":\"https:\\\/\\\/hzmconsulting.ca\\\/\"},{\"@type\":\"ListItem\",\"position\":2,\"name\":\"Courses\",\"item\":\"https:\\\/\\\/hzmconsulting.ca\\\/courses\\\/\"},{\"@type\":\"ListItem\",\"position\":3,\"name\":\"25 &amp; 26 de Abril\"}]},{\"@type\":\"WebSite\",\"@id\":\"https:\\\/\\\/hzmconsulting.ca\\\/fr\\\/#website\",\"url\":\"https:\\\/\\\/hzmconsulting.ca\\\/fr\\\/\",\"name\":\"HZM Consulting\",\"description\":\"\",\"publisher\":{\"@id\":\"https:\\\/\\\/hzmconsulting.ca\\\/fr\\\/#organization\"},\"potentialAction\":[{\"@type\":\"SearchAction\",\"target\":{\"@type\":\"EntryPoint\",\"urlTemplate\":\"https:\\\/\\\/hzmconsulting.ca\\\/fr\\\/?s={search_term_string}\"},\"query-input\":{\"@type\":\"PropertyValueSpecification\",\"valueRequired\":true,\"valueName\":\"search_term_string\"}}],\"inLanguage\":\"pt-BR\"},{\"@type\":\"Organization\",\"@id\":\"https:\\\/\\\/hzmconsulting.ca\\\/fr\\\/#organization\",\"name\":\"HZM Consulting\",\"url\":\"https:\\\/\\\/hzmconsulting.ca\\\/fr\\\/\",\"logo\":{\"@type\":\"ImageObject\",\"inLanguage\":\"pt-BR\",\"@id\":\"https:\\\/\\\/hzmconsulting.ca\\\/fr\\\/#\\\/schema\\\/logo\\\/image\\\/\",\"url\":\"https:\\\/\\\/hzmconsulting.ca\\\/wp-content\\\/uploads\\\/2024\\\/01\\\/avatar-hzm-socialmedia2-1.png\",\"contentUrl\":\"https:\\\/\\\/hzmconsulting.ca\\\/wp-content\\\/uploads\\\/2024\\\/01\\\/avatar-hzm-socialmedia2-1.png\",\"width\":1000,\"height\":750,\"caption\":\"HZM Consulting\"},\"image\":{\"@id\":\"https:\\\/\\\/hzmconsulting.ca\\\/fr\\\/#\\\/schema\\\/logo\\\/image\\\/\"},\"sameAs\":[\"https:\\\/\\\/www.facebook.com\\\/hzmconsulting\",\"https:\\\/\\\/www.linkedin.com\\\/company\\\/hzm-consulting\\\/\",\"https:\\\/\\\/www.instagram.com\\\/hzmconsulting\\\/\"]}]}<\/script>\n<!-- \/ Yoast SEO plugin. -->","yoast_head_json":{"title":"25 &amp; 26 de Abril - HZM Consulting","robots":{"index":"index","follow":"follow","max-snippet":"max-snippet:-1","max-image-preview":"max-image-preview:large","max-video-preview":"max-video-preview:-1"},"canonical":"https:\/\/hzmconsulting.ca\/pt-br\/curso\/25-26-abril\/","og_locale":"pt_BR","og_type":"article","og_title":"25 &amp; 26 de Abril - HZM Consulting","og_description":"Sobre Este Curso Prosperando na era digital com Agilidade nos Neg\u00f3cios com o certificado SAFe\u00ae Agilist Durante este curso ao vivo de dois dias, os alunos obter\u00e3o o conhecimento necess\u00e1rio para aproveitar o Scaled Agile Framework\u00ae (SAFe\u00ae) e liderar uma empresa Lean-Agile como um certificado SAFe\u00ae Agilist (SA). Derivando seus princ\u00edpios subjacentes de Lean, pensamento [&hellip;]","og_url":"https:\/\/hzmconsulting.ca\/pt-br\/curso\/25-26-abril\/","og_site_name":"HZM Consulting","article_publisher":"https:\/\/www.facebook.com\/hzmconsulting","article_modified_time":"2026-04-08T19:24:48+00:00","og_image":[{"width":500,"height":500,"url":"https:\/\/hzmconsulting.ca\/wp-content\/uploads\/2024\/01\/POPM.png","type":"image\/png"}],"twitter_card":"summary_large_image","twitter_misc":{"Est. tempo de leitura":"2 minutos"},"schema":{"@context":"https:\/\/schema.org","@graph":[{"@type":"WebPage","@id":"https:\/\/hzmconsulting.ca\/pt-br\/curso\/25-26-abril\/","url":"https:\/\/hzmconsulting.ca\/pt-br\/curso\/25-26-abril\/","name":"25 &amp; 26 de Abril - HZM Consulting","isPartOf":{"@id":"https:\/\/hzmconsulting.ca\/fr\/#website"},"primaryImageOfPage":{"@id":"https:\/\/hzmconsulting.ca\/pt-br\/curso\/25-26-abril\/#primaryimage"},"image":{"@id":"https:\/\/hzmconsulting.ca\/pt-br\/curso\/25-26-abril\/#primaryimage"},"thumbnailUrl":"https:\/\/hzmconsulting.ca\/wp-content\/uploads\/2024\/01\/POPM.png","datePublished":"2023-12-28T16:33:26+00:00","dateModified":"2026-04-08T19:24:48+00:00","breadcrumb":{"@id":"https:\/\/hzmconsulting.ca\/pt-br\/curso\/25-26-abril\/#breadcrumb"},"inLanguage":"pt-BR","potentialAction":[{"@type":"ReadAction","target":["https:\/\/hzmconsulting.ca\/pt-br\/curso\/25-26-abril\/"]}]},{"@type":"ImageObject","inLanguage":"pt-BR","@id":"https:\/\/hzmconsulting.ca\/pt-br\/curso\/25-26-abril\/#primaryimage","url":"https:\/\/hzmconsulting.ca\/wp-content\/uploads\/2024\/01\/POPM.png","contentUrl":"https:\/\/hzmconsulting.ca\/wp-content\/uploads\/2024\/01\/POPM.png","width":500,"height":500,"caption":"Product Owner \/ Product Manager Certification Program"},{"@type":"BreadcrumbList","@id":"https:\/\/hzmconsulting.ca\/pt-br\/curso\/25-26-abril\/#breadcrumb","itemListElement":[{"@type":"ListItem","position":1,"name":"P\u00e1gina Inicial","item":"https:\/\/hzmconsulting.ca\/"},{"@type":"ListItem","position":2,"name":"Courses","item":"https:\/\/hzmconsulting.ca\/courses\/"},{"@type":"ListItem","position":3,"name":"25 &amp; 26 de Abril"}]},{"@type":"WebSite","@id":"https:\/\/hzmconsulting.ca\/fr\/#website","url":"https:\/\/hzmconsulting.ca\/fr\/","name":"HZM Consulting","description":"","publisher":{"@id":"https:\/\/hzmconsulting.ca\/fr\/#organization"},"potentialAction":[{"@type":"SearchAction","target":{"@type":"EntryPoint","urlTemplate":"https:\/\/hzmconsulting.ca\/fr\/?s={search_term_string}"},"query-input":{"@type":"PropertyValueSpecification","valueRequired":true,"valueName":"search_term_string"}}],"inLanguage":"pt-BR"},{"@type":"Organization","@id":"https:\/\/hzmconsulting.ca\/fr\/#organization","name":"HZM Consulting","url":"https:\/\/hzmconsulting.ca\/fr\/","logo":{"@type":"ImageObject","inLanguage":"pt-BR","@id":"https:\/\/hzmconsulting.ca\/fr\/#\/schema\/logo\/image\/","url":"https:\/\/hzmconsulting.ca\/wp-content\/uploads\/2024\/01\/avatar-hzm-socialmedia2-1.png","contentUrl":"https:\/\/hzmconsulting.ca\/wp-content\/uploads\/2024\/01\/avatar-hzm-socialmedia2-1.png","width":1000,"height":750,"caption":"HZM Consulting"},"image":{"@id":"https:\/\/hzmconsulting.ca\/fr\/#\/schema\/logo\/image\/"},"sameAs":["https:\/\/www.facebook.com\/hzmconsulting","https:\/\/www.linkedin.com\/company\/hzm-consulting\/","https:\/\/www.instagram.com\/hzmconsulting\/"]}]}},"_links":{"self":[{"href":"https:\/\/hzmconsulting.ca\/pt-br\/wp-json\/wp\/v2\/product\/3426","targetHints":{"allow":["GET"]}}],"collection":[{"href":"https:\/\/hzmconsulting.ca\/pt-br\/wp-json\/wp\/v2\/product"}],"about":[{"href":"https:\/\/hzmconsulting.ca\/pt-br\/wp-json\/wp\/v2\/types\/product"}],"replies":[{"embeddable":true,"href":"https:\/\/hzmconsulting.ca\/pt-br\/wp-json\/wp\/v2\/comments?post=3426"}],"wp:featuredmedia":[{"embeddable":true,"href":"https:\/\/hzmconsulting.ca\/pt-br\/wp-json\/wp\/v2\/media\/3301"}],"wp:attachment":[{"href":"https:\/\/hzmconsulting.ca\/pt-br\/wp-json\/wp\/v2\/media?parent=3426"}],"wp:term":[{"taxonomy":"product_brand","embeddable":true,"href":"https:\/\/hzmconsulting.ca\/pt-br\/wp-json\/wp\/v2\/product_brand?post=3426"},{"taxonomy":"product_cat","embeddable":true,"href":"https:\/\/hzmconsulting.ca\/pt-br\/wp-json\/wp\/v2\/product_cat?post=3426"},{"taxonomy":"product_tag","embeddable":true,"href":"https:\/\/hzmconsulting.ca\/pt-br\/wp-json\/wp\/v2\/product_tag?post=3426"}],"curies":[{"name":"wp","href":"https:\/\/api.w.org\/{rel}","templated":true}]}}