{"id":3431,"date":"2023-12-24T20:03:30","date_gmt":"2023-12-24T20:03:30","guid":{"rendered":"https:\/\/hzmconsulting.ca\/course\/mar-23-24\/"},"modified":"2026-04-08T19:25:40","modified_gmt":"2026-04-08T19:25:40","slug":"maio-23-24-2","status":"publish","type":"product","link":"https:\/\/hzmconsulting.ca\/pt-br\/curso\/maio-23-24-2\/","title":{"rendered":"23 &amp; 24 de Maio"},"content":{"rendered":"<h2 id=\"ep-00c6eb5\" class=\"elementor-heading-title elementor-size-default elementor-inline-editing\" data-elementor-setting-key=\"title\"><strong><span style=\"color: #283f60; font-family: 'Teko'; font-size: 48px;\">Sobre Este<\/span> <span style=\"color: #f7bd43; font-family: 'Teko'; font-size: 48px;\">Curso<\/span><\/strong><\/h2>\n<p>Product Owners e Product Managers frequentemente se sentem sobrecarregados por solicita\u00e7\u00f5es, prioridades conflitantes e pela press\u00e3o para entregar recursos rapidamente, enquanto lutam para demonstrar impacto nos neg\u00f3cios. Sem um sistema claro, os backlogs se tornam ca\u00f3ticos e os roadmaps perdem o rumo. O curso SAFe\u00ae POPM oferece uma maneira estruturada e comprovada de gerenciar produtos em escala, ajudando voc\u00ea a definir a vis\u00e3o, construir roadmaps eficazes e priorizar com o WSJF. Voc\u00ea praticar\u00e1 a conex\u00e3o da estrat\u00e9gia \u00e0 execu\u00e7\u00e3o em Incrementos de Programa e garantir\u00e1 que as equipes se concentrem na entrega de valor. Este curso equipa voc\u00ea com as habilidades e a confian\u00e7a necess\u00e1rias para gerenciar produtos em ambientes Agile complexos e corporativos.<\/p>\n<p>&nbsp;<\/p>\n<h3>Isto \u00e9 para voc\u00ea?<\/h3>\n<ul>\n<li>Product Owners e Product Managers atuais ou aspirantes<\/li>\n<li>Analistas de neg\u00f3cios e profissionais em transi\u00e7\u00e3o para fun\u00e7\u00f5es de produto<\/li>\n<li>Qualquer pessoa respons\u00e1vel por maximizar o valor entregue por equipes \u00e1geis<\/li>\n<\/ul>\n<p>&nbsp;<\/p>\n<h3>O que voc\u00ea aprender\u00e1<\/h3>\n<ul>\n<li>Como definir a vis\u00e3o do produto e traduzi-la em um roteiro<\/li>\n<li>Como priorizar pend\u00eancias com o WSJF para maximizar o valor do neg\u00f3cio<\/li>\n<li>Como definir objetivos de PI e vincul\u00e1-los aos resultados da empresa<\/li>\n<li>Como conectar a estrat\u00e9gia \u00e0 execu\u00e7\u00e3o durante os incrementos do programa<\/li>\n<\/ul>\n","protected":false},"excerpt":{"rendered":"<p>Sobre Este Curso Product Owners e Product Managers frequentemente se sentem sobrecarregados por solicita\u00e7\u00f5es, prioridades conflitantes e pela press\u00e3o para entregar recursos rapidamente, enquanto lutam para demonstrar impacto nos neg\u00f3cios. Sem um sistema claro, os backlogs se tornam ca\u00f3ticos e os roadmaps perdem o rumo. O curso SAFe\u00ae POPM oferece uma maneira estruturada e comprovada [&hellip;]<\/p>\n","protected":false},"featured_media":3301,"comment_status":"open","ping_status":"closed","template":"","meta":{"_acf_changed":false,"_monsterinsights_skip_tracking":false,"_monsterinsights_sitenote_active":false,"_monsterinsights_sitenote_note":"","_monsterinsights_sitenote_category":0},"product_brand":[],"product_cat":[82],"product_tag":[],"class_list":{"0":"post-3431","1":"product","2":"type-product","3":"status-publish","4":"has-post-thumbnail","6":"product_cat-safe-product-owner-product-manager-pt-br","8":"first","9":"instock","10":"virtual","11":"sold-individually","12":"purchasable","13":"product-type-simple"},"acf":[],"yoast_head":"<!-- This site is optimized with the Yoast SEO plugin v27.4 - https:\/\/yoast.com\/product\/yoast-seo-wordpress\/ -->\n<title>23 &amp; 24 de Maio - HZM Consulting<\/title>\n<meta name=\"robots\" content=\"index, follow, max-snippet:-1, max-image-preview:large, max-video-preview:-1\" \/>\n<link rel=\"canonical\" href=\"https:\/\/hzmconsulting.ca\/pt-br\/curso\/maio-23-24-2\/\" \/>\n<meta property=\"og:locale\" content=\"pt_BR\" \/>\n<meta property=\"og:type\" content=\"article\" \/>\n<meta property=\"og:title\" content=\"23 &amp; 24 de Maio - HZM Consulting\" \/>\n<meta property=\"og:description\" content=\"Sobre Este Curso Product Owners e Product Managers frequentemente se sentem sobrecarregados por solicita\u00e7\u00f5es, prioridades conflitantes e pela press\u00e3o para entregar recursos rapidamente, enquanto lutam para demonstrar impacto nos neg\u00f3cios. Sem um sistema claro, os backlogs se tornam ca\u00f3ticos e os roadmaps perdem o rumo. O curso SAFe\u00ae POPM oferece uma maneira estruturada e comprovada [&hellip;]\" \/>\n<meta property=\"og:url\" content=\"https:\/\/hzmconsulting.ca\/pt-br\/curso\/maio-23-24-2\/\" \/>\n<meta property=\"og:site_name\" content=\"HZM Consulting\" \/>\n<meta property=\"article:publisher\" content=\"https:\/\/www.facebook.com\/hzmconsulting\" \/>\n<meta property=\"article:modified_time\" content=\"2026-04-08T19:25:40+00:00\" \/>\n<meta property=\"og:image\" content=\"https:\/\/hzmconsulting.ca\/wp-content\/uploads\/2024\/01\/POPM.png\" \/>\n\t<meta property=\"og:image:width\" content=\"500\" \/>\n\t<meta property=\"og:image:height\" content=\"500\" \/>\n\t<meta property=\"og:image:type\" content=\"image\/png\" \/>\n<meta name=\"twitter:card\" content=\"summary_large_image\" \/>\n<meta name=\"twitter:label1\" content=\"Est. tempo de leitura\" \/>\n\t<meta name=\"twitter:data1\" content=\"2 minutos\" \/>\n<script type=\"application\/ld+json\" class=\"yoast-schema-graph\">{\"@context\":\"https:\\\/\\\/schema.org\",\"@graph\":[{\"@type\":\"WebPage\",\"@id\":\"https:\\\/\\\/hzmconsulting.ca\\\/pt-br\\\/curso\\\/maio-23-24-2\\\/\",\"url\":\"https:\\\/\\\/hzmconsulting.ca\\\/pt-br\\\/curso\\\/maio-23-24-2\\\/\",\"name\":\"23 &amp; 24 de Maio - HZM Consulting\",\"isPartOf\":{\"@id\":\"https:\\\/\\\/hzmconsulting.ca\\\/fr\\\/#website\"},\"primaryImageOfPage\":{\"@id\":\"https:\\\/\\\/hzmconsulting.ca\\\/pt-br\\\/curso\\\/maio-23-24-2\\\/#primaryimage\"},\"image\":{\"@id\":\"https:\\\/\\\/hzmconsulting.ca\\\/pt-br\\\/curso\\\/maio-23-24-2\\\/#primaryimage\"},\"thumbnailUrl\":\"https:\\\/\\\/hzmconsulting.ca\\\/wp-content\\\/uploads\\\/2024\\\/01\\\/POPM.png\",\"datePublished\":\"2023-12-24T20:03:30+00:00\",\"dateModified\":\"2026-04-08T19:25:40+00:00\",\"breadcrumb\":{\"@id\":\"https:\\\/\\\/hzmconsulting.ca\\\/pt-br\\\/curso\\\/maio-23-24-2\\\/#breadcrumb\"},\"inLanguage\":\"pt-BR\",\"potentialAction\":[{\"@type\":\"ReadAction\",\"target\":[\"https:\\\/\\\/hzmconsulting.ca\\\/pt-br\\\/curso\\\/maio-23-24-2\\\/\"]}]},{\"@type\":\"ImageObject\",\"inLanguage\":\"pt-BR\",\"@id\":\"https:\\\/\\\/hzmconsulting.ca\\\/pt-br\\\/curso\\\/maio-23-24-2\\\/#primaryimage\",\"url\":\"https:\\\/\\\/hzmconsulting.ca\\\/wp-content\\\/uploads\\\/2024\\\/01\\\/POPM.png\",\"contentUrl\":\"https:\\\/\\\/hzmconsulting.ca\\\/wp-content\\\/uploads\\\/2024\\\/01\\\/POPM.png\",\"width\":500,\"height\":500,\"caption\":\"Product Owner \\\/ Product Manager Certification Program\"},{\"@type\":\"BreadcrumbList\",\"@id\":\"https:\\\/\\\/hzmconsulting.ca\\\/pt-br\\\/curso\\\/maio-23-24-2\\\/#breadcrumb\",\"itemListElement\":[{\"@type\":\"ListItem\",\"position\":1,\"name\":\"P\u00e1gina Inicial\",\"item\":\"https:\\\/\\\/hzmconsulting.ca\\\/\"},{\"@type\":\"ListItem\",\"position\":2,\"name\":\"Courses\",\"item\":\"https:\\\/\\\/hzmconsulting.ca\\\/courses\\\/\"},{\"@type\":\"ListItem\",\"position\":3,\"name\":\"23 &amp; 24 de Maio\"}]},{\"@type\":\"WebSite\",\"@id\":\"https:\\\/\\\/hzmconsulting.ca\\\/fr\\\/#website\",\"url\":\"https:\\\/\\\/hzmconsulting.ca\\\/fr\\\/\",\"name\":\"HZM Consulting\",\"description\":\"\",\"publisher\":{\"@id\":\"https:\\\/\\\/hzmconsulting.ca\\\/fr\\\/#organization\"},\"potentialAction\":[{\"@type\":\"SearchAction\",\"target\":{\"@type\":\"EntryPoint\",\"urlTemplate\":\"https:\\\/\\\/hzmconsulting.ca\\\/fr\\\/?s={search_term_string}\"},\"query-input\":{\"@type\":\"PropertyValueSpecification\",\"valueRequired\":true,\"valueName\":\"search_term_string\"}}],\"inLanguage\":\"pt-BR\"},{\"@type\":\"Organization\",\"@id\":\"https:\\\/\\\/hzmconsulting.ca\\\/fr\\\/#organization\",\"name\":\"HZM Consulting\",\"url\":\"https:\\\/\\\/hzmconsulting.ca\\\/fr\\\/\",\"logo\":{\"@type\":\"ImageObject\",\"inLanguage\":\"pt-BR\",\"@id\":\"https:\\\/\\\/hzmconsulting.ca\\\/fr\\\/#\\\/schema\\\/logo\\\/image\\\/\",\"url\":\"https:\\\/\\\/hzmconsulting.ca\\\/wp-content\\\/uploads\\\/2024\\\/01\\\/avatar-hzm-socialmedia2-1.png\",\"contentUrl\":\"https:\\\/\\\/hzmconsulting.ca\\\/wp-content\\\/uploads\\\/2024\\\/01\\\/avatar-hzm-socialmedia2-1.png\",\"width\":1000,\"height\":750,\"caption\":\"HZM Consulting\"},\"image\":{\"@id\":\"https:\\\/\\\/hzmconsulting.ca\\\/fr\\\/#\\\/schema\\\/logo\\\/image\\\/\"},\"sameAs\":[\"https:\\\/\\\/www.facebook.com\\\/hzmconsulting\",\"https:\\\/\\\/www.linkedin.com\\\/company\\\/hzm-consulting\\\/\",\"https:\\\/\\\/www.instagram.com\\\/hzmconsulting\\\/\"]}]}<\/script>\n<!-- \/ Yoast SEO plugin. -->","yoast_head_json":{"title":"23 &amp; 24 de Maio - HZM Consulting","robots":{"index":"index","follow":"follow","max-snippet":"max-snippet:-1","max-image-preview":"max-image-preview:large","max-video-preview":"max-video-preview:-1"},"canonical":"https:\/\/hzmconsulting.ca\/pt-br\/curso\/maio-23-24-2\/","og_locale":"pt_BR","og_type":"article","og_title":"23 &amp; 24 de Maio - HZM Consulting","og_description":"Sobre Este Curso Product Owners e Product Managers frequentemente se sentem sobrecarregados por solicita\u00e7\u00f5es, prioridades conflitantes e pela press\u00e3o para entregar recursos rapidamente, enquanto lutam para demonstrar impacto nos neg\u00f3cios. Sem um sistema claro, os backlogs se tornam ca\u00f3ticos e os roadmaps perdem o rumo. O curso SAFe\u00ae POPM oferece uma maneira estruturada e comprovada [&hellip;]","og_url":"https:\/\/hzmconsulting.ca\/pt-br\/curso\/maio-23-24-2\/","og_site_name":"HZM Consulting","article_publisher":"https:\/\/www.facebook.com\/hzmconsulting","article_modified_time":"2026-04-08T19:25:40+00:00","og_image":[{"width":500,"height":500,"url":"https:\/\/hzmconsulting.ca\/wp-content\/uploads\/2024\/01\/POPM.png","type":"image\/png"}],"twitter_card":"summary_large_image","twitter_misc":{"Est. tempo de leitura":"2 minutos"},"schema":{"@context":"https:\/\/schema.org","@graph":[{"@type":"WebPage","@id":"https:\/\/hzmconsulting.ca\/pt-br\/curso\/maio-23-24-2\/","url":"https:\/\/hzmconsulting.ca\/pt-br\/curso\/maio-23-24-2\/","name":"23 &amp; 24 de Maio - HZM Consulting","isPartOf":{"@id":"https:\/\/hzmconsulting.ca\/fr\/#website"},"primaryImageOfPage":{"@id":"https:\/\/hzmconsulting.ca\/pt-br\/curso\/maio-23-24-2\/#primaryimage"},"image":{"@id":"https:\/\/hzmconsulting.ca\/pt-br\/curso\/maio-23-24-2\/#primaryimage"},"thumbnailUrl":"https:\/\/hzmconsulting.ca\/wp-content\/uploads\/2024\/01\/POPM.png","datePublished":"2023-12-24T20:03:30+00:00","dateModified":"2026-04-08T19:25:40+00:00","breadcrumb":{"@id":"https:\/\/hzmconsulting.ca\/pt-br\/curso\/maio-23-24-2\/#breadcrumb"},"inLanguage":"pt-BR","potentialAction":[{"@type":"ReadAction","target":["https:\/\/hzmconsulting.ca\/pt-br\/curso\/maio-23-24-2\/"]}]},{"@type":"ImageObject","inLanguage":"pt-BR","@id":"https:\/\/hzmconsulting.ca\/pt-br\/curso\/maio-23-24-2\/#primaryimage","url":"https:\/\/hzmconsulting.ca\/wp-content\/uploads\/2024\/01\/POPM.png","contentUrl":"https:\/\/hzmconsulting.ca\/wp-content\/uploads\/2024\/01\/POPM.png","width":500,"height":500,"caption":"Product Owner \/ Product Manager Certification Program"},{"@type":"BreadcrumbList","@id":"https:\/\/hzmconsulting.ca\/pt-br\/curso\/maio-23-24-2\/#breadcrumb","itemListElement":[{"@type":"ListItem","position":1,"name":"P\u00e1gina Inicial","item":"https:\/\/hzmconsulting.ca\/"},{"@type":"ListItem","position":2,"name":"Courses","item":"https:\/\/hzmconsulting.ca\/courses\/"},{"@type":"ListItem","position":3,"name":"23 &amp; 24 de Maio"}]},{"@type":"WebSite","@id":"https:\/\/hzmconsulting.ca\/fr\/#website","url":"https:\/\/hzmconsulting.ca\/fr\/","name":"HZM Consulting","description":"","publisher":{"@id":"https:\/\/hzmconsulting.ca\/fr\/#organization"},"potentialAction":[{"@type":"SearchAction","target":{"@type":"EntryPoint","urlTemplate":"https:\/\/hzmconsulting.ca\/fr\/?s={search_term_string}"},"query-input":{"@type":"PropertyValueSpecification","valueRequired":true,"valueName":"search_term_string"}}],"inLanguage":"pt-BR"},{"@type":"Organization","@id":"https:\/\/hzmconsulting.ca\/fr\/#organization","name":"HZM Consulting","url":"https:\/\/hzmconsulting.ca\/fr\/","logo":{"@type":"ImageObject","inLanguage":"pt-BR","@id":"https:\/\/hzmconsulting.ca\/fr\/#\/schema\/logo\/image\/","url":"https:\/\/hzmconsulting.ca\/wp-content\/uploads\/2024\/01\/avatar-hzm-socialmedia2-1.png","contentUrl":"https:\/\/hzmconsulting.ca\/wp-content\/uploads\/2024\/01\/avatar-hzm-socialmedia2-1.png","width":1000,"height":750,"caption":"HZM Consulting"},"image":{"@id":"https:\/\/hzmconsulting.ca\/fr\/#\/schema\/logo\/image\/"},"sameAs":["https:\/\/www.facebook.com\/hzmconsulting","https:\/\/www.linkedin.com\/company\/hzm-consulting\/","https:\/\/www.instagram.com\/hzmconsulting\/"]}]}},"_links":{"self":[{"href":"https:\/\/hzmconsulting.ca\/pt-br\/wp-json\/wp\/v2\/product\/3431","targetHints":{"allow":["GET"]}}],"collection":[{"href":"https:\/\/hzmconsulting.ca\/pt-br\/wp-json\/wp\/v2\/product"}],"about":[{"href":"https:\/\/hzmconsulting.ca\/pt-br\/wp-json\/wp\/v2\/types\/product"}],"replies":[{"embeddable":true,"href":"https:\/\/hzmconsulting.ca\/pt-br\/wp-json\/wp\/v2\/comments?post=3431"}],"wp:featuredmedia":[{"embeddable":true,"href":"https:\/\/hzmconsulting.ca\/pt-br\/wp-json\/wp\/v2\/media\/3301"}],"wp:attachment":[{"href":"https:\/\/hzmconsulting.ca\/pt-br\/wp-json\/wp\/v2\/media?parent=3431"}],"wp:term":[{"taxonomy":"product_brand","embeddable":true,"href":"https:\/\/hzmconsulting.ca\/pt-br\/wp-json\/wp\/v2\/product_brand?post=3431"},{"taxonomy":"product_cat","embeddable":true,"href":"https:\/\/hzmconsulting.ca\/pt-br\/wp-json\/wp\/v2\/product_cat?post=3431"},{"taxonomy":"product_tag","embeddable":true,"href":"https:\/\/hzmconsulting.ca\/pt-br\/wp-json\/wp\/v2\/product_tag?post=3431"}],"curies":[{"name":"wp","href":"https:\/\/api.w.org\/{rel}","templated":true}]}}